{"id":1114,"date":"2023-09-15T18:16:59","date_gmt":"2023-09-15T16:16:59","guid":{"rendered":"https:\/\/exportxis.com\/?page_id=1114"},"modified":"2023-09-15T19:37:21","modified_gmt":"2023-09-15T17:37:21","slug":"servicios","status":"publish","type":"page","link":"https:\/\/exportxis.com\/es_es\/servicios\/","title":{"rendered":"Servicios"},"content":{"rendered":"\t\t<div data-elementor-type=\"wp-page\" data-elementor-id=\"1114\" class=\"elementor elementor-1114\" data-elementor-post-type=\"page\">\n\t\t\t\t\t\t\t\t\t<section class=\"elementor-section elementor-top-section elementor-element elementor-element-4b3e3a3 elementor-section-height-min-height elementor-section-stretched elementor-section-boxed elementor-section-height-default elementor-section-items-middle\" data-id=\"4b3e3a3\" data-element_type=\"section\" data-settings=\"{&quot;stretch_section&quot;:&quot;section-stretched&quot;,&quot;background_background&quot;:&quot;classic&quot;}\">\n\t\t\t\t\t\t\t<div class=\"elementor-background-overlay\"><\/div>\n\t\t\t\t\t\t\t<div class=\"elementor-container elementor-column-gap-default\">\n\t\t\t\t\t<div class=\"elementor-column elementor-col-100 elementor-top-column elementor-element elementor-element-57d026c3\" data-id=\"57d026c3\" data-element_type=\"column\">\n\t\t\t<div class=\"elementor-widget-wrap elementor-element-populated\">\n\t\t\t\t\t\t\t\t<div class=\"elementor-element elementor-element-306c8c48 elementor-widget elementor-widget-heading\" data-id=\"306c8c48\" data-element_type=\"widget\" data-widget_type=\"heading.default\">\n\t\t\t\t<div class=\"elementor-widget-container\">\n\t\t\t<style>\/*! elementor - v3.15.0 - 20-08-2023 *\/\n.elementor-heading-title{padding:0;margin:0;line-height:1}.elementor-widget-heading .elementor-heading-title[class*=elementor-size-]>a{color:inherit;font-size:inherit;line-height:inherit}.elementor-widget-heading .elementor-heading-title.elementor-size-small{font-size:15px}.elementor-widget-heading .elementor-heading-title.elementor-size-medium{font-size:19px}.elementor-widget-heading .elementor-heading-title.elementor-size-large{font-size:29px}.elementor-widget-heading .elementor-heading-title.elementor-size-xl{font-size:39px}.elementor-widget-heading .elementor-heading-title.elementor-size-xxl{font-size:59px}<\/style><h1 class=\"elementor-heading-title elementor-size-default\">Servicios<\/h1>\t\t<\/div>\n\t\t\t\t<\/div>\n\t\t\t\t\t<\/div>\n\t\t<\/div>\n\t\t\t\t\t\t\t<\/div>\n\t\t<\/section>\n\t\t\t\t<section class=\"elementor-section elementor-top-section elementor-element elementor-element-4a6829d elementor-section-boxed elementor-section-height-default elementor-section-height-default\" data-id=\"4a6829d\" data-element_type=\"section\">\n\t\t\t\t\t\t<div class=\"elementor-container elementor-column-gap-default\">\n\t\t\t\t\t<div class=\"elementor-column elementor-col-100 elementor-top-column elementor-element elementor-element-7206043\" data-id=\"7206043\" data-element_type=\"column\">\n\t\t\t<div class=\"elementor-widget-wrap elementor-element-populated\">\n\t\t\t\t\t\t\t\t<div class=\"elementor-element elementor-element-d16fe56 elementor-widget elementor-widget-heading\" data-id=\"d16fe56\" data-element_type=\"widget\" data-widget_type=\"heading.default\">\n\t\t\t\t<div class=\"elementor-widget-container\">\n\t\t\t<h2 class=\"elementor-heading-title elementor-size-default\">Que Ofrecemos<\/h2>\t\t<\/div>\n\t\t\t\t<\/div>\n\t\t\t\t<div class=\"elementor-element elementor-element-4410a1e elementor-widget elementor-widget-text-editor\" data-id=\"4410a1e\" data-element_type=\"widget\" data-widget_type=\"text-editor.default\">\n\t\t\t\t<div class=\"elementor-widget-container\">\n\t\t\t<style>\/*! elementor - v3.15.0 - 20-08-2023 *\/\n.elementor-widget-text-editor.elementor-drop-cap-view-stacked .elementor-drop-cap{background-color:#69727d;color:#fff}.elementor-widget-text-editor.elementor-drop-cap-view-framed .elementor-drop-cap{color:#69727d;border:3px solid;background-color:transparent}.elementor-widget-text-editor:not(.elementor-drop-cap-view-default) .elementor-drop-cap{margin-top:8px}.elementor-widget-text-editor:not(.elementor-drop-cap-view-default) .elementor-drop-cap-letter{width:1em;height:1em}.elementor-widget-text-editor .elementor-drop-cap{float:left;text-align:center;line-height:1;font-size:50px}.elementor-widget-text-editor .elementor-drop-cap-letter{display:inline-block}<\/style>\t\t\t\t<p>Tenemos a su disposici\u00f3n los siguientes con la mayor experticia de a\u00f1os de trayectoria<\/p>\t\t\t\t\t\t<\/div>\n\t\t\t\t<\/div>\n\t\t\t\t\t<\/div>\n\t\t<\/div>\n\t\t\t\t\t\t\t<\/div>\n\t\t<\/section>\n\t\t\t\t<section class=\"elementor-section elementor-top-section elementor-element elementor-element-af00eb4 elementor-section-stretched elementor-section-boxed elementor-section-height-default elementor-section-height-default\" data-id=\"af00eb4\" data-element_type=\"section\" data-settings=\"{&quot;stretch_section&quot;:&quot;section-stretched&quot;}\">\n\t\t\t\t\t\t<div class=\"elementor-container elementor-column-gap-wider\">\n\t\t\t\t\t<div class=\"elementor-column elementor-col-100 elementor-top-column elementor-element elementor-element-25323bd\" data-id=\"25323bd\" data-element_type=\"column\">\n\t\t\t<div class=\"elementor-widget-wrap elementor-element-populated\">\n\t\t\t\t\t\t\t\t<section class=\"elementor-section elementor-inner-section elementor-element elementor-element-d22c0eb elementor-section-full_width elementor-section-height-default elementor-section-height-default\" data-id=\"d22c0eb\" data-element_type=\"section\" data-settings=\"{&quot;background_background&quot;:&quot;classic&quot;}\">\n\t\t\t\t\t\t<div class=\"elementor-container elementor-column-gap-default\">\n\t\t\t\t\t<div class=\"elementor-column elementor-col-50 elementor-inner-column elementor-element elementor-element-997822d\" data-id=\"997822d\" data-element_type=\"column\">\n\t\t\t<div class=\"elementor-widget-wrap elementor-element-populated\">\n\t\t\t\t\t\t\t\t<div class=\"elementor-element elementor-element-d77444a elementor-widget elementor-widget-image\" data-id=\"d77444a\" data-element_type=\"widget\" data-widget_type=\"image.default\">\n\t\t\t\t<div class=\"elementor-widget-container\">\n\t\t\t<style>\/*! elementor - v3.15.0 - 20-08-2023 *\/\n.elementor-widget-image{text-align:center}.elementor-widget-image a{display:inline-block}.elementor-widget-image a img[src$=\".svg\"]{width:48px}.elementor-widget-image img{vertical-align:middle;display:inline-block}<\/style>\t\t\t\t\t\t\t\t\t\t\t\t<img decoding=\"async\" loading=\"lazy\" width=\"600\" height=\"480\" src=\"https:\/\/exportxis.com\/wp-content\/uploads\/2023\/09\/serv1.1.jpg\" class=\"attachment-large size-large wp-image-1118\" alt=\"\" srcset=\"https:\/\/exportxis.com\/wp-content\/uploads\/2023\/09\/serv1.1.jpg 600w, https:\/\/exportxis.com\/wp-content\/uploads\/2023\/09\/serv1.1-500x400.jpg 500w, https:\/\/exportxis.com\/wp-content\/uploads\/2023\/09\/serv1.1-300x240.jpg 300w, https:\/\/exportxis.com\/wp-content\/uploads\/2023\/09\/serv1.1-94x75.jpg 94w, https:\/\/exportxis.com\/wp-content\/uploads\/2023\/09\/serv1.1-480x384.jpg 480w\" sizes=\"(max-width:767px) 480px, 600px\" \/>\t\t\t\t\t\t\t\t\t\t\t\t\t\t\t<\/div>\n\t\t\t\t<\/div>\n\t\t\t\t\t<\/div>\n\t\t<\/div>\n\t\t\t\t<div class=\"elementor-column elementor-col-50 elementor-inner-column elementor-element elementor-element-c99bfc0\" data-id=\"c99bfc0\" data-element_type=\"column\">\n\t\t\t<div class=\"elementor-widget-wrap elementor-element-populated\">\n\t\t\t\t\t\t\t\t<div class=\"elementor-element elementor-element-51fcc89 elementor-widget elementor-widget-heading\" data-id=\"51fcc89\" data-element_type=\"widget\" data-widget_type=\"heading.default\">\n\t\t\t\t<div class=\"elementor-widget-container\">\n\t\t\t<h3 class=\"elementor-heading-title elementor-size-default\">Asesor\u00eda de exportaciones y importaciones <\/h3>\t\t<\/div>\n\t\t\t\t<\/div>\n\t\t\t\t<div class=\"elementor-element elementor-element-b5a2ae5 elementor-widget elementor-widget-text-editor\" data-id=\"b5a2ae5\" data-element_type=\"widget\" data-widget_type=\"text-editor.default\">\n\t\t\t\t<div class=\"elementor-widget-container\">\n\t\t\t\t\t\t\t<div class=\" VIpgJd-yAWNEb-hvhgNd-k77Iif-i3jM8c\"><div id=\"goog-gt-original-text\" class=\"VIpgJd-yAWNEb-nVMfcd-fmcmS VIpgJd-yAWNEb-hvhgNd-axAV1\" lang=\"es\"><p style=\"text-align: justify;\">Somos una empresa especializada en productos agroindustriales y minerales de alta calidad. Contamos con un equipo de expertos en comercio internacional, que te brindar\u00e1n el apoyo y la orientaci\u00f3n que necesitas para llevar tu negocio al siguiente nivel.<\/p><p>Nuestro servicio de asesor\u00eda incluye:<\/p><ul><li>An\u00e1lisis de mercado y oportunidades de negocio.<\/li><li>Estudio de la normativa y los requisitos legales de cada pa\u00eds.<\/li><li>Gesti\u00f3n de la documentaci\u00f3n y los tr\u00e1mites aduaneros.<\/li><li>B\u00fasqueda y selecci\u00f3n de proveedores y clientes potenciales.<\/li><li>Negociaci\u00f3n y cierre de contratos.<\/li><li>Seguimiento y control de la log\u00edstica y el transporte.<\/li><li>Resoluci\u00f3n de incidencias y reclamaciones.<\/li><\/ul><p style=\"text-align: justify;\">Con nosotros, podr\u00e1s exportar e importar tus productos con seguridad, rapidez y eficiencia. Te ofrecemos las mejores condiciones y tarifas del mercado, as\u00ed como una atenci\u00f3n personalizada y adaptada a tus necesidades.<\/p><\/div><\/div>\t\t\t\t\t\t<\/div>\n\t\t\t\t<\/div>\n\t\t\t\t\t<\/div>\n\t\t<\/div>\n\t\t\t\t\t\t\t<\/div>\n\t\t<\/section>\n\t\t\t\t<section class=\"elementor-section elementor-inner-section elementor-element elementor-element-14de470 elementor-section-full_width elementor-section-height-default elementor-section-height-default\" data-id=\"14de470\" data-element_type=\"section\" data-settings=\"{&quot;background_background&quot;:&quot;classic&quot;}\">\n\t\t\t\t\t\t<div class=\"elementor-container elementor-column-gap-default\">\n\t\t\t\t\t<div class=\"elementor-column elementor-col-50 elementor-inner-column elementor-element elementor-element-49c2229\" data-id=\"49c2229\" data-element_type=\"column\">\n\t\t\t<div class=\"elementor-widget-wrap elementor-element-populated\">\n\t\t\t\t\t\t\t\t<div class=\"elementor-element elementor-element-8b0652e elementor-widget elementor-widget-heading\" data-id=\"8b0652e\" data-element_type=\"widget\" data-widget_type=\"heading.default\">\n\t\t\t\t<div class=\"elementor-widget-container\">\n\t\t\t<h3 class=\"elementor-heading-title elementor-size-default\">Comercializaci\u00f3n de productos nacionales e internacionales<\/h3>\t\t<\/div>\n\t\t\t\t<\/div>\n\t\t\t\t<div class=\"elementor-element elementor-element-e2e3f44 elementor-widget elementor-widget-text-editor\" data-id=\"e2e3f44\" data-element_type=\"widget\" data-widget_type=\"text-editor.default\">\n\t\t\t\t<div class=\"elementor-widget-container\">\n\t\t\t\t\t\t\t<div class=\" VIpgJd-yAWNEb-hvhgNd-k77Iif-i3jM8c\"><div id=\"goog-gt-original-text\" class=\"VIpgJd-yAWNEb-nVMfcd-fmcmS VIpgJd-yAWNEb-hvhgNd-axAV1\" lang=\"es\"><p style=\"text-align: justify;\">Tanto nacionales como internacionales, nosotros somos tu mejor opci\u00f3n. Somos una empresa de comercializaci\u00f3n de productos, con una amplia experiencia y trayectoria en el mercado. Trabajamos con una gran variedad de productos, desde frutas y verduras, hasta minerales, az\u00facar, entre otros descriptos en nuestra web.<\/p><p>Nuestro servicio de comercializaci\u00f3n incluye:<\/p><ul><li>Acceso a una red de proveedores y clientes confiables y competitivos.<\/li><li>Asesor\u00eda en la selecci\u00f3n y evaluaci\u00f3n de los productos m\u00e1s adecuados para tu negocio.<\/li><li>Gesti\u00f3n de la log\u00edstica y el transporte, garantizando la entrega puntual y segura de los productos.<\/li><li>Control de calidad y cumplimiento de los est\u00e1ndares y normas vigentes.<\/li><li>Facilidades de pago y financiaci\u00f3n, adaptadas a tus necesidades.<\/li><\/ul><p style=\"text-align: justify;\">Con nosotros, podr\u00e1s vender o comprar productos con la mejor relaci\u00f3n calidad-precio del mercado. Te ofrecemos un servicio integral, profesional y eficaz, que te permitir\u00e1 optimizar tus recursos y maximizar tus beneficios.<\/p><\/div><\/div>\t\t\t\t\t\t<\/div>\n\t\t\t\t<\/div>\n\t\t\t\t\t<\/div>\n\t\t<\/div>\n\t\t\t\t<div class=\"elementor-column elementor-col-50 elementor-inner-column elementor-element elementor-element-b147cca\" data-id=\"b147cca\" data-element_type=\"column\">\n\t\t\t<div class=\"elementor-widget-wrap elementor-element-populated\">\n\t\t\t\t\t\t\t\t<div class=\"elementor-element elementor-element-b6eaf02 elementor-widget elementor-widget-image\" data-id=\"b6eaf02\" data-element_type=\"widget\" data-widget_type=\"image.default\">\n\t\t\t\t<div class=\"elementor-widget-container\">\n\t\t\t\t\t\t\t\t\t\t\t\t\t\t\t<img decoding=\"async\" loading=\"lazy\" width=\"570\" height=\"470\" src=\"https:\/\/exportxis.com\/wp-content\/uploads\/2023\/09\/serv2.jpg\" class=\"attachment-large size-large wp-image-1119\" alt=\"\" srcset=\"https:\/\/exportxis.com\/wp-content\/uploads\/2023\/09\/serv2.jpg 570w, https:\/\/exportxis.com\/wp-content\/uploads\/2023\/09\/serv2-500x412.jpg 500w, https:\/\/exportxis.com\/wp-content\/uploads\/2023\/09\/serv2-300x247.jpg 300w, https:\/\/exportxis.com\/wp-content\/uploads\/2023\/09\/serv2-91x75.jpg 91w, https:\/\/exportxis.com\/wp-content\/uploads\/2023\/09\/serv2-480x396.jpg 480w\" sizes=\"(max-width:767px) 480px, 570px\" \/>\t\t\t\t\t\t\t\t\t\t\t\t\t\t\t<\/div>\n\t\t\t\t<\/div>\n\t\t\t\t\t<\/div>\n\t\t<\/div>\n\t\t\t\t\t\t\t<\/div>\n\t\t<\/section>\n\t\t\t\t<section class=\"elementor-section elementor-inner-section elementor-element elementor-element-a804565 elementor-section-full_width elementor-section-height-default elementor-section-height-default\" data-id=\"a804565\" data-element_type=\"section\" data-settings=\"{&quot;background_background&quot;:&quot;classic&quot;}\">\n\t\t\t\t\t\t<div class=\"elementor-container elementor-column-gap-default\">\n\t\t\t\t\t<div class=\"elementor-column elementor-col-50 elementor-inner-column elementor-element elementor-element-972cdae\" data-id=\"972cdae\" data-element_type=\"column\">\n\t\t\t<div class=\"elementor-widget-wrap elementor-element-populated\">\n\t\t\t\t\t\t\t\t<div class=\"elementor-element elementor-element-3dfa4a4 elementor-widget elementor-widget-image\" data-id=\"3dfa4a4\" data-element_type=\"widget\" data-widget_type=\"image.default\">\n\t\t\t\t<div class=\"elementor-widget-container\">\n\t\t\t\t\t\t\t\t\t\t\t\t\t\t\t<img decoding=\"async\" loading=\"lazy\" width=\"600\" height=\"600\" src=\"https:\/\/exportxis.com\/wp-content\/uploads\/2023\/09\/serv3.jpg\" class=\"attachment-large size-large wp-image-1120\" alt=\"\" srcset=\"https:\/\/exportxis.com\/wp-content\/uploads\/2023\/09\/serv3.jpg 600w, https:\/\/exportxis.com\/wp-content\/uploads\/2023\/09\/serv3-500x500.jpg 500w, https:\/\/exportxis.com\/wp-content\/uploads\/2023\/09\/serv3-300x300.jpg 300w, https:\/\/exportxis.com\/wp-content\/uploads\/2023\/09\/serv3-150x150.jpg 150w, https:\/\/exportxis.com\/wp-content\/uploads\/2023\/09\/serv3-75x75.jpg 75w, https:\/\/exportxis.com\/wp-content\/uploads\/2023\/09\/serv3-480x480.jpg 480w\" sizes=\"(max-width:767px) 480px, 600px\" \/>\t\t\t\t\t\t\t\t\t\t\t\t\t\t\t<\/div>\n\t\t\t\t<\/div>\n\t\t\t\t\t<\/div>\n\t\t<\/div>\n\t\t\t\t<div class=\"elementor-column elementor-col-50 elementor-inner-column elementor-element elementor-element-c664134\" data-id=\"c664134\" data-element_type=\"column\">\n\t\t\t<div class=\"elementor-widget-wrap elementor-element-populated\">\n\t\t\t\t\t\t\t\t<div class=\"elementor-element elementor-element-6b78960 elementor-widget elementor-widget-heading\" data-id=\"6b78960\" data-element_type=\"widget\" data-widget_type=\"heading.default\">\n\t\t\t\t<div class=\"elementor-widget-container\">\n\t\t\t<h3 class=\"elementor-heading-title elementor-size-default\">Servicio de log\u00edstica <\/h3>\t\t<\/div>\n\t\t\t\t<\/div>\n\t\t\t\t<div class=\"elementor-element elementor-element-8c977c4 elementor-widget elementor-widget-text-editor\" data-id=\"8c977c4\" data-element_type=\"widget\" data-widget_type=\"text-editor.default\">\n\t\t\t\t<div class=\"elementor-widget-container\">\n\t\t\t\t\t\t\t<p style=\"text-align: justify;\">La log\u00edstica es un factor clave para el \u00e9xito de cualquier negocio, especialmente en el \u00e1mbito del comercio. Por eso, nosotros te ofrecemos un servicio de log\u00edstica integral, que cubre todas las etapas y procesos involucrados en el movimiento de tus productos, desde el origen hasta el destino.<\/p><p>Nuestro servicio de log\u00edstica incluye:<\/p><ul><li>Planificaci\u00f3n y coordinaci\u00f3n de las operaciones de transporte, almacenamiento y distribuci\u00f3n.<\/li><li>Contrataci\u00f3n y gesti\u00f3n de los medios y recursos necesarios para cada operaci\u00f3n.<\/li><li>Seguimiento y control de la trazabilidad y el estado de los productos en todo momento.<\/li><li>Cumplimiento de la normativa y los requisitos aduaneros, fiscales y sanitarios de cada pa\u00eds.<\/li><li>Soluci\u00f3n de contingencias y problemas que puedan surgir durante el transporte o la entrega.<\/li><\/ul><p style=\"text-align: justify;\">Con nosotros, podr\u00e1s asegurar la calidad, la seguridad y la eficiencia de tus operaciones log\u00edsticas. Te ofrecemos un servicio personalizado, flexible y adaptado a tus necesidades<\/p>\t\t\t\t\t\t<\/div>\n\t\t\t\t<\/div>\n\t\t\t\t\t<\/div>\n\t\t<\/div>\n\t\t\t\t\t\t\t<\/div>\n\t\t<\/section>\n\t\t\t\t<section class=\"elementor-section elementor-inner-section elementor-element elementor-element-b2012dc elementor-section-full_width elementor-section-height-default elementor-section-height-default\" data-id=\"b2012dc\" data-element_type=\"section\" data-settings=\"{&quot;background_background&quot;:&quot;classic&quot;}\">\n\t\t\t\t\t\t<div class=\"elementor-container elementor-column-gap-default\">\n\t\t\t\t\t<div class=\"elementor-column elementor-col-50 elementor-inner-column elementor-element elementor-element-1057eac\" data-id=\"1057eac\" data-element_type=\"column\">\n\t\t\t<div class=\"elementor-widget-wrap elementor-element-populated\">\n\t\t\t\t\t\t\t\t<div class=\"elementor-element elementor-element-94e9549 elementor-widget elementor-widget-heading\" data-id=\"94e9549\" data-element_type=\"widget\" data-widget_type=\"heading.default\">\n\t\t\t\t<div class=\"elementor-widget-container\">\n\t\t\t<h3 class=\"elementor-heading-title elementor-size-default\">Servicio Administrativo<\/h3>\t\t<\/div>\n\t\t\t\t<\/div>\n\t\t\t\t<div class=\"elementor-element elementor-element-328a256 elementor-widget elementor-widget-text-editor\" data-id=\"328a256\" data-element_type=\"widget\" data-widget_type=\"text-editor.default\">\n\t\t\t\t<div class=\"elementor-widget-container\">\n\t\t\t\t\t\t\t<p style=\"text-align: justify;\">Es un servicio que te permite delegar y externalizar las tareas administrativas y contables de tu negocio, para que puedas dedicarte a lo que realmente importa: tu actividad principal. Nosotros nos encargamos de gestionar y optimizar todos los procesos administrativos de tu empresa, con profesionalidad, eficiencia y confidencialidad.<\/p><p>Nuestro servicio administrativo incluye:<\/p><ul><li>Gesti\u00f3n de la facturaci\u00f3n, los cobros y los pagos.<\/li><li>Elaboraci\u00f3n y presentaci\u00f3n de los impuestos y las declaraciones juradas.<\/li><li>Registro y actualizaci\u00f3n de la contabilidad y los libros contables.<\/li><li>Preparaci\u00f3n y an\u00e1lisis de los estados financieros y los informes de gesti\u00f3n.<\/li><li>Asesoramiento y asistencia en materia fiscal, laboral y legal.<\/li><\/ul><p style=\"text-align: justify;\">Con nosotros, podr\u00e1s ahorrar tiempo, dinero y recursos, al contar con un servicio administrativo de calidad, adaptado a tus necesidades y a un precio competitivo. Te ofrecemos un servicio integral, personalizado y flexible, que te permitir\u00e1 tener un mayor control y una mejor toma de decisiones sobre tu negocio.<\/p>\t\t\t\t\t\t<\/div>\n\t\t\t\t<\/div>\n\t\t\t\t\t<\/div>\n\t\t<\/div>\n\t\t\t\t<div class=\"elementor-column elementor-col-50 elementor-inner-column elementor-element elementor-element-b946bbb\" data-id=\"b946bbb\" data-element_type=\"column\">\n\t\t\t<div class=\"elementor-widget-wrap elementor-element-populated\">\n\t\t\t\t\t\t\t\t<div class=\"elementor-element elementor-element-caa31b8 elementor-widget elementor-widget-image\" data-id=\"caa31b8\" data-element_type=\"widget\" data-widget_type=\"image.default\">\n\t\t\t\t<div class=\"elementor-widget-container\">\n\t\t\t\t\t\t\t\t\t\t\t\t\t\t\t<img decoding=\"async\" loading=\"lazy\" width=\"600\" height=\"600\" src=\"https:\/\/exportxis.com\/wp-content\/uploads\/2023\/09\/serv3.jpg\" class=\"attachment-large size-large wp-image-1120\" alt=\"\" srcset=\"https:\/\/exportxis.com\/wp-content\/uploads\/2023\/09\/serv3.jpg 600w, https:\/\/exportxis.com\/wp-content\/uploads\/2023\/09\/serv3-500x500.jpg 500w, https:\/\/exportxis.com\/wp-content\/uploads\/2023\/09\/serv3-300x300.jpg 300w, https:\/\/exportxis.com\/wp-content\/uploads\/2023\/09\/serv3-150x150.jpg 150w, https:\/\/exportxis.com\/wp-content\/uploads\/2023\/09\/serv3-75x75.jpg 75w, https:\/\/exportxis.com\/wp-content\/uploads\/2023\/09\/serv3-480x480.jpg 480w\" sizes=\"(max-width:767px) 480px, 600px\" \/>\t\t\t\t\t\t\t\t\t\t\t\t\t\t\t<\/div>\n\t\t\t\t<\/div>\n\t\t\t\t\t<\/div>\n\t\t<\/div>\n\t\t\t\t\t\t\t<\/div>\n\t\t<\/section>\n\t\t\t\t\t<\/div>\n\t\t<\/div>\n\t\t\t\t\t\t\t<\/div>\n\t\t<\/section>\n\t\t\t\t\t\t\t<\/div>\n\t\t","protected":false},"excerpt":{"rendered":"<p>Servicios Que Ofrecemos Tenemos a su disposici\u00f3n los siguientes con la mayor experticia de a\u00f1os de trayectoria Asesor\u00eda de exportaciones y importaciones Somos una empresa especializada<span class=\"excerpt-hellip\"> [\u2026]<\/span><\/p>\n","protected":false},"author":1,"featured_media":0,"parent":0,"menu_order":0,"comment_status":"closed","ping_status":"closed","template":"","meta":{"om_disable_all_campaigns":false,"_monsterinsights_skip_tracking":false,"_monsterinsights_sitenote_active":false,"_monsterinsights_sitenote_note":"","_monsterinsights_sitenote_category":0,"footnotes":""},"aioseo_notices":[],"_links":{"self":[{"href":"https:\/\/exportxis.com\/es_es\/wp-json\/wp\/v2\/pages\/1114"}],"collection":[{"href":"https:\/\/exportxis.com\/es_es\/wp-json\/wp\/v2\/pages"}],"about":[{"href":"https:\/\/exportxis.com\/es_es\/wp-json\/wp\/v2\/types\/page"}],"author":[{"embeddable":true,"href":"https:\/\/exportxis.com\/es_es\/wp-json\/wp\/v2\/users\/1"}],"replies":[{"embeddable":true,"href":"https:\/\/exportxis.com\/es_es\/wp-json\/wp\/v2\/comments?post=1114"}],"version-history":[{"count":10,"href":"https:\/\/exportxis.com\/es_es\/wp-json\/wp\/v2\/pages\/1114\/revisions"}],"predecessor-version":[{"id":1133,"href":"https:\/\/exportxis.com\/es_es\/wp-json\/wp\/v2\/pages\/1114\/revisions\/1133"}],"wp:attachment":[{"href":"https:\/\/exportxis.com\/es_es\/wp-json\/wp\/v2\/media?parent=1114"}],"curies":[{"name":"wp","href":"https:\/\/api.w.org\/{rel}","templated":true}]}}