{"id":925,"date":"2023-09-07T21:22:38","date_gmt":"2023-09-07T19:22:38","guid":{"rendered":"https:\/\/exportxis.com\/?page_id=925"},"modified":"2023-09-07T21:44:49","modified_gmt":"2023-09-07T19:44:49","slug":"materiales-de-construccion","status":"publish","type":"page","link":"https:\/\/exportxis.com\/es_es\/productos\/materiales-de-construccion\/","title":{"rendered":"Materiales de Construcci\u00f3n"},"content":{"rendered":"\t\t<div data-elementor-type=\"wp-page\" data-elementor-id=\"925\" class=\"elementor elementor-925\" data-elementor-post-type=\"page\">\n\t\t\t\t\t\t\t\t\t<section class=\"elementor-section elementor-top-section elementor-element elementor-element-74897a8e elementor-section-height-min-height elementor-section-stretched elementor-section-boxed elementor-section-height-default elementor-section-items-middle\" data-id=\"74897a8e\" data-element_type=\"section\" data-settings=\"{&quot;stretch_section&quot;:&quot;section-stretched&quot;,&quot;background_background&quot;:&quot;classic&quot;}\">\n\t\t\t\t\t\t\t<div class=\"elementor-background-overlay\"><\/div>\n\t\t\t\t\t\t\t<div class=\"elementor-container elementor-column-gap-default\">\n\t\t\t\t\t<div class=\"elementor-column elementor-col-100 elementor-top-column elementor-element elementor-element-712c792e\" data-id=\"712c792e\" data-element_type=\"column\">\n\t\t\t<div class=\"elementor-widget-wrap elementor-element-populated\">\n\t\t\t\t\t\t\t\t<div class=\"elementor-element elementor-element-2fa3d58d elementor-widget elementor-widget-heading\" data-id=\"2fa3d58d\" data-element_type=\"widget\" data-widget_type=\"heading.default\">\n\t\t\t\t<div class=\"elementor-widget-container\">\n\t\t\t<style>\/*! elementor - v3.15.0 - 20-08-2023 *\/\n.elementor-heading-title{padding:0;margin:0;line-height:1}.elementor-widget-heading .elementor-heading-title[class*=elementor-size-]>a{color:inherit;font-size:inherit;line-height:inherit}.elementor-widget-heading .elementor-heading-title.elementor-size-small{font-size:15px}.elementor-widget-heading .elementor-heading-title.elementor-size-medium{font-size:19px}.elementor-widget-heading .elementor-heading-title.elementor-size-large{font-size:29px}.elementor-widget-heading .elementor-heading-title.elementor-size-xl{font-size:39px}.elementor-widget-heading .elementor-heading-title.elementor-size-xxl{font-size:59px}<\/style><h2 class=\"elementor-heading-title elementor-size-default\">Materiales de Construcci\u00f3n<\/h2>\t\t<\/div>\n\t\t\t\t<\/div>\n\t\t\t\t\t<\/div>\n\t\t<\/div>\n\t\t\t\t\t\t\t<\/div>\n\t\t<\/section>\n\t\t\t\t<section class=\"elementor-section elementor-top-section elementor-element elementor-element-c1352f6 elementor-section-boxed elementor-section-height-default elementor-section-height-default\" data-id=\"c1352f6\" data-element_type=\"section\">\n\t\t\t\t\t\t<div class=\"elementor-container elementor-column-gap-default\">\n\t\t\t\t\t<div class=\"elementor-column elementor-col-33 elementor-top-column elementor-element elementor-element-1f6a2763\" data-id=\"1f6a2763\" data-element_type=\"column\">\n\t\t\t<div class=\"elementor-widget-wrap elementor-element-populated\">\n\t\t\t\t\t\t\t\t<section class=\"elementor-section elementor-inner-section elementor-element elementor-element-8c38d05 elementor-section-boxed elementor-section-height-default elementor-section-height-default\" data-id=\"8c38d05\" data-element_type=\"section\">\n\t\t\t\t\t\t<div class=\"elementor-container elementor-column-gap-default\">\n\t\t\t\t\t<div class=\"elementor-column elementor-col-100 elementor-inner-column elementor-element elementor-element-44d17a58\" data-id=\"44d17a58\" data-element_type=\"column\">\n\t\t\t<div class=\"elementor-widget-wrap elementor-element-populated\">\n\t\t\t\t\t\t\t\t<div class=\"elementor-element elementor-element-23e6e3e0 elementor-widget elementor-widget-image\" data-id=\"23e6e3e0\" data-element_type=\"widget\" data-widget_type=\"image.default\">\n\t\t\t\t<div class=\"elementor-widget-container\">\n\t\t\t<style>\/*! elementor - v3.15.0 - 20-08-2023 *\/\n.elementor-widget-image{text-align:center}.elementor-widget-image a{display:inline-block}.elementor-widget-image a img[src$=\".svg\"]{width:48px}.elementor-widget-image img{vertical-align:middle;display:inline-block}<\/style>\t\t\t\t\t\t\t\t\t\t\t\t<img decoding=\"async\" loading=\"lazy\" width=\"800\" height=\"533\" src=\"https:\/\/exportxis.com\/wp-content\/uploads\/2023\/09\/Ladrillo.jpg\" class=\"attachment-large size-large wp-image-929\" alt=\"\" srcset=\"https:\/\/exportxis.com\/wp-content\/uploads\/2023\/09\/Ladrillo.jpg 800w, https:\/\/exportxis.com\/wp-content\/uploads\/2023\/09\/Ladrillo-500x333.jpg 500w, https:\/\/exportxis.com\/wp-content\/uploads\/2023\/09\/Ladrillo-300x200.jpg 300w, https:\/\/exportxis.com\/wp-content\/uploads\/2023\/09\/Ladrillo-768x512.jpg 768w, https:\/\/exportxis.com\/wp-content\/uploads\/2023\/09\/Ladrillo-113x75.jpg 113w, https:\/\/exportxis.com\/wp-content\/uploads\/2023\/09\/Ladrillo-480x320.jpg 480w\" sizes=\"(max-width:767px) 480px, (max-width:800px) 100vw, 800px\" \/>\t\t\t\t\t\t\t\t\t\t\t\t\t\t\t<\/div>\n\t\t\t\t<\/div>\n\t\t\t\t<div class=\"elementor-element elementor-element-22859979 elementor-widget elementor-widget-heading\" data-id=\"22859979\" data-element_type=\"widget\" data-widget_type=\"heading.default\">\n\t\t\t\t<div class=\"elementor-widget-container\">\n\t\t\t<h2 class=\"elementor-heading-title elementor-size-default\">Ladrillos de adobe<\/h2>\t\t<\/div>\n\t\t\t\t<\/div>\n\t\t\t\t\t<\/div>\n\t\t<\/div>\n\t\t\t\t\t\t\t<\/div>\n\t\t<\/section>\n\t\t\t\t\t<\/div>\n\t\t<\/div>\n\t\t\t\t<div class=\"elementor-column elementor-col-33 elementor-top-column elementor-element elementor-element-61518811\" data-id=\"61518811\" data-element_type=\"column\">\n\t\t\t<div class=\"elementor-widget-wrap elementor-element-populated\">\n\t\t\t\t\t\t\t\t<section class=\"elementor-section elementor-inner-section elementor-element elementor-element-3bab9157 elementor-section-boxed elementor-section-height-default elementor-section-height-default\" data-id=\"3bab9157\" data-element_type=\"section\">\n\t\t\t\t\t\t<div class=\"elementor-container elementor-column-gap-default\">\n\t\t\t\t\t<div class=\"elementor-column elementor-col-100 elementor-inner-column elementor-element elementor-element-ac986e9\" data-id=\"ac986e9\" data-element_type=\"column\">\n\t\t\t<div class=\"elementor-widget-wrap elementor-element-populated\">\n\t\t\t\t\t\t\t\t<div class=\"elementor-element elementor-element-5047241a elementor-widget elementor-widget-image\" data-id=\"5047241a\" data-element_type=\"widget\" data-widget_type=\"image.default\">\n\t\t\t\t<div class=\"elementor-widget-container\">\n\t\t\t\t\t\t\t\t\t\t\t\t\t\t\t<img decoding=\"async\" loading=\"lazy\" width=\"848\" height=\"565\" src=\"https:\/\/exportxis.com\/wp-content\/uploads\/2023\/09\/baldosas_ceramicas.jpeg\" class=\"attachment-large size-large wp-image-930\" alt=\"\" srcset=\"https:\/\/exportxis.com\/wp-content\/uploads\/2023\/09\/baldosas_ceramicas.jpeg 848w, https:\/\/exportxis.com\/wp-content\/uploads\/2023\/09\/baldosas_ceramicas-500x333.jpeg 500w, https:\/\/exportxis.com\/wp-content\/uploads\/2023\/09\/baldosas_ceramicas-300x200.jpeg 300w, https:\/\/exportxis.com\/wp-content\/uploads\/2023\/09\/baldosas_ceramicas-768x512.jpeg 768w, https:\/\/exportxis.com\/wp-content\/uploads\/2023\/09\/baldosas_ceramicas-113x75.jpeg 113w, https:\/\/exportxis.com\/wp-content\/uploads\/2023\/09\/baldosas_ceramicas-480x320.jpeg 480w\" sizes=\"(max-width:767px) 480px, (max-width:848px) 100vw, 848px\" \/>\t\t\t\t\t\t\t\t\t\t\t\t\t\t\t<\/div>\n\t\t\t\t<\/div>\n\t\t\t\t<div class=\"elementor-element elementor-element-5dc5d0d8 elementor-widget elementor-widget-heading\" data-id=\"5dc5d0d8\" data-element_type=\"widget\" data-widget_type=\"heading.default\">\n\t\t\t\t<div class=\"elementor-widget-container\">\n\t\t\t<h2 class=\"elementor-heading-title elementor-size-default\">Baldosas de cer\u00e1mica<\/h2>\t\t<\/div>\n\t\t\t\t<\/div>\n\t\t\t\t\t<\/div>\n\t\t<\/div>\n\t\t\t\t\t\t\t<\/div>\n\t\t<\/section>\n\t\t\t\t\t<\/div>\n\t\t<\/div>\n\t\t\t\t<div class=\"elementor-column elementor-col-33 elementor-top-column elementor-element elementor-element-df9a2ab\" data-id=\"df9a2ab\" data-element_type=\"column\">\n\t\t\t<div class=\"elementor-widget-wrap elementor-element-populated\">\n\t\t\t\t\t\t\t\t<section class=\"elementor-section elementor-inner-section elementor-element elementor-element-5181e2f elementor-section-boxed elementor-section-height-default elementor-section-height-default\" data-id=\"5181e2f\" data-element_type=\"section\">\n\t\t\t\t\t\t<div class=\"elementor-container elementor-column-gap-default\">\n\t\t\t\t\t<div class=\"elementor-column elementor-col-100 elementor-inner-column elementor-element elementor-element-59c267a\" data-id=\"59c267a\" data-element_type=\"column\">\n\t\t\t<div class=\"elementor-widget-wrap elementor-element-populated\">\n\t\t\t\t\t\t\t\t<div class=\"elementor-element elementor-element-9f648f2 elementor-widget elementor-widget-image\" data-id=\"9f648f2\" data-element_type=\"widget\" data-widget_type=\"image.default\">\n\t\t\t\t<div class=\"elementor-widget-container\">\n\t\t\t\t\t\t\t\t\t\t\t\t\t\t\t<img decoding=\"async\" loading=\"lazy\" width=\"896\" height=\"622\" src=\"https:\/\/exportxis.com\/wp-content\/uploads\/2023\/09\/Ladrillo-vitrificado.jpg\" class=\"attachment-large size-large wp-image-931\" alt=\"\" srcset=\"https:\/\/exportxis.com\/wp-content\/uploads\/2023\/09\/Ladrillo-vitrificado.jpg 896w, https:\/\/exportxis.com\/wp-content\/uploads\/2023\/09\/Ladrillo-vitrificado-500x347.jpg 500w, https:\/\/exportxis.com\/wp-content\/uploads\/2023\/09\/Ladrillo-vitrificado-300x208.jpg 300w, https:\/\/exportxis.com\/wp-content\/uploads\/2023\/09\/Ladrillo-vitrificado-768x533.jpg 768w, https:\/\/exportxis.com\/wp-content\/uploads\/2023\/09\/Ladrillo-vitrificado-108x75.jpg 108w, https:\/\/exportxis.com\/wp-content\/uploads\/2023\/09\/Ladrillo-vitrificado-480x333.jpg 480w\" sizes=\"(max-width:767px) 480px, (max-width:896px) 100vw, 896px\" \/>\t\t\t\t\t\t\t\t\t\t\t\t\t\t\t<\/div>\n\t\t\t\t<\/div>\n\t\t\t\t<div class=\"elementor-element elementor-element-3f6541f elementor-widget elementor-widget-heading\" data-id=\"3f6541f\" data-element_type=\"widget\" data-widget_type=\"heading.default\">\n\t\t\t\t<div class=\"elementor-widget-container\">\n\t\t\t<h2 class=\"elementor-heading-title elementor-size-default\">Ladrillo vitrificado<\/h2>\t\t<\/div>\n\t\t\t\t<\/div>\n\t\t\t\t\t<\/div>\n\t\t<\/div>\n\t\t\t\t\t\t\t<\/div>\n\t\t<\/section>\n\t\t\t\t\t<\/div>\n\t\t<\/div>\n\t\t\t\t\t\t\t<\/div>\n\t\t<\/section>\n\t\t\t\t<section class=\"elementor-section elementor-top-section elementor-element elementor-element-18f5d2b elementor-section-boxed elementor-section-height-default elementor-section-height-default\" data-id=\"18f5d2b\" data-element_type=\"section\">\n\t\t\t\t\t\t<div class=\"elementor-container elementor-column-gap-default\">\n\t\t\t\t\t<div class=\"elementor-column elementor-col-33 elementor-top-column elementor-element elementor-element-2557d92\" data-id=\"2557d92\" data-element_type=\"column\">\n\t\t\t<div class=\"elementor-widget-wrap elementor-element-populated\">\n\t\t\t\t\t\t\t\t<section class=\"elementor-section elementor-inner-section elementor-element elementor-element-c7f879f elementor-section-boxed elementor-section-height-default elementor-section-height-default\" data-id=\"c7f879f\" data-element_type=\"section\">\n\t\t\t\t\t\t<div class=\"elementor-container elementor-column-gap-default\">\n\t\t\t\t\t<div class=\"elementor-column elementor-col-100 elementor-inner-column elementor-element elementor-element-46a4ad4\" data-id=\"46a4ad4\" data-element_type=\"column\">\n\t\t\t<div class=\"elementor-widget-wrap elementor-element-populated\">\n\t\t\t\t\t\t\t\t<div class=\"elementor-element elementor-element-1bd8913 elementor-widget elementor-widget-image\" data-id=\"1bd8913\" data-element_type=\"widget\" data-widget_type=\"image.default\">\n\t\t\t\t<div class=\"elementor-widget-container\">\n\t\t\t\t\t\t\t\t\t\t\t\t\t\t\t<img decoding=\"async\" loading=\"lazy\" width=\"1200\" height=\"799\" src=\"https:\/\/exportxis.com\/wp-content\/uploads\/2023\/09\/bloques-1200x799.jpeg\" class=\"attachment-large size-large wp-image-932\" alt=\"\" srcset=\"https:\/\/exportxis.com\/wp-content\/uploads\/2023\/09\/bloques-1200x799.jpeg 1200w, https:\/\/exportxis.com\/wp-content\/uploads\/2023\/09\/bloques-500x333.jpeg 500w, https:\/\/exportxis.com\/wp-content\/uploads\/2023\/09\/bloques-300x200.jpeg 300w, https:\/\/exportxis.com\/wp-content\/uploads\/2023\/09\/bloques-768x512.jpeg 768w, https:\/\/exportxis.com\/wp-content\/uploads\/2023\/09\/bloques-113x75.jpeg 113w, https:\/\/exportxis.com\/wp-content\/uploads\/2023\/09\/bloques-480x320.jpeg 480w, https:\/\/exportxis.com\/wp-content\/uploads\/2023\/09\/bloques.jpeg 1300w\" sizes=\"(max-width:767px) 480px, (max-width:1200px) 100vw, 1200px\" \/>\t\t\t\t\t\t\t\t\t\t\t\t\t\t\t<\/div>\n\t\t\t\t<\/div>\n\t\t\t\t<div class=\"elementor-element elementor-element-742b885 elementor-widget elementor-widget-heading\" data-id=\"742b885\" data-element_type=\"widget\" data-widget_type=\"heading.default\">\n\t\t\t\t<div class=\"elementor-widget-container\">\n\t\t\t<h2 class=\"elementor-heading-title elementor-size-default\">Bloque cemento<\/h2>\t\t<\/div>\n\t\t\t\t<\/div>\n\t\t\t\t\t<\/div>\n\t\t<\/div>\n\t\t\t\t\t\t\t<\/div>\n\t\t<\/section>\n\t\t\t\t\t<\/div>\n\t\t<\/div>\n\t\t\t\t<div class=\"elementor-column elementor-col-33 elementor-top-column elementor-element elementor-element-2bd5b83\" data-id=\"2bd5b83\" data-element_type=\"column\">\n\t\t\t<div class=\"elementor-widget-wrap elementor-element-populated\">\n\t\t\t\t\t\t\t\t<section class=\"elementor-section elementor-inner-section elementor-element elementor-element-23f75da elementor-section-boxed elementor-section-height-default elementor-section-height-default\" data-id=\"23f75da\" data-element_type=\"section\">\n\t\t\t\t\t\t<div class=\"elementor-container elementor-column-gap-default\">\n\t\t\t\t\t<div class=\"elementor-column elementor-col-100 elementor-inner-column elementor-element elementor-element-181c462\" data-id=\"181c462\" data-element_type=\"column\">\n\t\t\t<div class=\"elementor-widget-wrap elementor-element-populated\">\n\t\t\t\t\t\t\t\t<div class=\"elementor-element elementor-element-c818d9e elementor-widget elementor-widget-image\" data-id=\"c818d9e\" data-element_type=\"widget\" data-widget_type=\"image.default\">\n\t\t\t\t<div class=\"elementor-widget-container\">\n\t\t\t\t\t\t\t\t\t\t\t\t\t\t\t<img decoding=\"async\" loading=\"lazy\" width=\"1200\" height=\"800\" src=\"https:\/\/exportxis.com\/wp-content\/uploads\/2023\/09\/madera-1200x800.webp\" class=\"attachment-large size-large wp-image-933\" alt=\"\" srcset=\"https:\/\/exportxis.com\/wp-content\/uploads\/2023\/09\/madera-1200x800.webp 1200w, https:\/\/exportxis.com\/wp-content\/uploads\/2023\/09\/madera-500x333.webp 500w, https:\/\/exportxis.com\/wp-content\/uploads\/2023\/09\/madera-300x200.webp 300w, https:\/\/exportxis.com\/wp-content\/uploads\/2023\/09\/madera-768x512.webp 768w, https:\/\/exportxis.com\/wp-content\/uploads\/2023\/09\/madera-1536x1024.webp 1536w, https:\/\/exportxis.com\/wp-content\/uploads\/2023\/09\/madera-2048x1365.webp 2048w, https:\/\/exportxis.com\/wp-content\/uploads\/2023\/09\/madera-113x75.webp 113w, https:\/\/exportxis.com\/wp-content\/uploads\/2023\/09\/madera-480x320.webp 480w\" sizes=\"(max-width:767px) 480px, (max-width:1200px) 100vw, 1200px\" \/>\t\t\t\t\t\t\t\t\t\t\t\t\t\t\t<\/div>\n\t\t\t\t<\/div>\n\t\t\t\t<div class=\"elementor-element elementor-element-546d690 elementor-widget elementor-widget-heading\" data-id=\"546d690\" data-element_type=\"widget\" data-widget_type=\"heading.default\">\n\t\t\t\t<div class=\"elementor-widget-container\">\n\t\t\t<h2 class=\"elementor-heading-title elementor-size-default\">Madera<\/h2>\t\t<\/div>\n\t\t\t\t<\/div>\n\t\t\t\t\t<\/div>\n\t\t<\/div>\n\t\t\t\t\t\t\t<\/div>\n\t\t<\/section>\n\t\t\t\t\t<\/div>\n\t\t<\/div>\n\t\t\t\t<div class=\"elementor-column elementor-col-33 elementor-top-column elementor-element elementor-element-c07f62b\" data-id=\"c07f62b\" data-element_type=\"column\">\n\t\t\t<div class=\"elementor-widget-wrap elementor-element-populated\">\n\t\t\t\t\t\t\t\t<section class=\"elementor-section elementor-inner-section elementor-element elementor-element-07b44d2 elementor-section-boxed elementor-section-height-default elementor-section-height-default\" data-id=\"07b44d2\" data-element_type=\"section\">\n\t\t\t\t\t\t<div class=\"elementor-container elementor-column-gap-default\">\n\t\t\t\t\t<div class=\"elementor-column elementor-col-100 elementor-inner-column elementor-element elementor-element-214f0bc\" data-id=\"214f0bc\" data-element_type=\"column\">\n\t\t\t<div class=\"elementor-widget-wrap elementor-element-populated\">\n\t\t\t\t\t\t\t\t<div class=\"elementor-element elementor-element-2e11981 elementor-widget elementor-widget-image\" data-id=\"2e11981\" data-element_type=\"widget\" data-widget_type=\"image.default\">\n\t\t\t\t<div class=\"elementor-widget-container\">\n\t\t\t\t\t\t\t\t\t\t\t\t\t\t\t<img decoding=\"async\" loading=\"lazy\" width=\"768\" height=\"429\" src=\"https:\/\/exportxis.com\/wp-content\/uploads\/2023\/09\/inverisonestropicol-768x429-1.webp\" class=\"attachment-large size-large wp-image-934\" alt=\"\" srcset=\"https:\/\/exportxis.com\/wp-content\/uploads\/2023\/09\/inverisonestropicol-768x429-1.webp 768w, https:\/\/exportxis.com\/wp-content\/uploads\/2023\/09\/inverisonestropicol-768x429-1-500x279.webp 500w, https:\/\/exportxis.com\/wp-content\/uploads\/2023\/09\/inverisonestropicol-768x429-1-300x168.webp 300w, https:\/\/exportxis.com\/wp-content\/uploads\/2023\/09\/inverisonestropicol-768x429-1-134x75.webp 134w, https:\/\/exportxis.com\/wp-content\/uploads\/2023\/09\/inverisonestropicol-768x429-1-480x268.webp 480w\" sizes=\"(max-width:767px) 480px, (max-width:768px) 100vw, 768px\" \/>\t\t\t\t\t\t\t\t\t\t\t\t\t\t\t<\/div>\n\t\t\t\t<\/div>\n\t\t\t\t<div class=\"elementor-element elementor-element-ac1af34 elementor-widget elementor-widget-heading\" data-id=\"ac1af34\" data-element_type=\"widget\" data-widget_type=\"heading.default\">\n\t\t\t\t<div class=\"elementor-widget-container\">\n\t\t\t<h2 class=\"elementor-heading-title elementor-size-default\">Pega cer\u00e1mica - Pegacor<\/h2>\t\t<\/div>\n\t\t\t\t<\/div>\n\t\t\t\t\t<\/div>\n\t\t<\/div>\n\t\t\t\t\t\t\t<\/div>\n\t\t<\/section>\n\t\t\t\t\t<\/div>\n\t\t<\/div>\n\t\t\t\t\t\t\t<\/div>\n\t\t<\/section>\n\t\t\t\t\t\t\t<\/div>\n\t\t","protected":false},"excerpt":{"rendered":"<p>Materiales de Construcci\u00f3n Ladrillos de adobe Baldosas de cer\u00e1mica Ladrillo vitrificado Bloque cemento Madera Pega cer\u00e1mica &#8211; Pegacor<\/p>\n","protected":false},"author":1,"featured_media":0,"parent":6,"menu_order":0,"comment_status":"closed","ping_status":"closed","template":"","meta":{"om_disable_all_campaigns":false,"_monsterinsights_skip_tracking":false,"_monsterinsights_sitenote_active":false,"_monsterinsights_sitenote_note":"","_monsterinsights_sitenote_category":0,"footnotes":""},"aioseo_notices":[],"_links":{"self":[{"href":"https:\/\/exportxis.com\/es_es\/wp-json\/wp\/v2\/pages\/925"}],"collection":[{"href":"https:\/\/exportxis.com\/es_es\/wp-json\/wp\/v2\/pages"}],"about":[{"href":"https:\/\/exportxis.com\/es_es\/wp-json\/wp\/v2\/types\/page"}],"author":[{"embeddable":true,"href":"https:\/\/exportxis.com\/es_es\/wp-json\/wp\/v2\/users\/1"}],"replies":[{"embeddable":true,"href":"https:\/\/exportxis.com\/es_es\/wp-json\/wp\/v2\/comments?post=925"}],"version-history":[{"count":0,"href":"https:\/\/exportxis.com\/es_es\/wp-json\/wp\/v2\/pages\/925\/revisions"}],"up":[{"embeddable":true,"href":"https:\/\/exportxis.com\/es_es\/wp-json\/wp\/v2\/pages\/6"}],"wp:attachment":[{"href":"https:\/\/exportxis.com\/es_es\/wp-json\/wp\/v2\/media?parent=925"}],"curies":[{"name":"wp","href":"https:\/\/api.w.org\/{rel}","templated":true}]}}