{"id":941,"date":"2023-09-07T21:46:33","date_gmt":"2023-09-07T19:46:33","guid":{"rendered":"https:\/\/exportxis.com\/?page_id=941"},"modified":"2023-09-07T22:48:21","modified_gmt":"2023-09-07T20:48:21","slug":"frutas","status":"publish","type":"page","link":"https:\/\/exportxis.com\/es_es\/productos\/frutas\/","title":{"rendered":"Frutas"},"content":{"rendered":"\t\t<div data-elementor-type=\"wp-page\" data-elementor-id=\"941\" class=\"elementor elementor-941\" data-elementor-post-type=\"page\">\n\t\t\t\t\t\t\t\t\t<section class=\"elementor-section elementor-top-section elementor-element elementor-element-1b9cbd79 elementor-section-height-min-height elementor-section-stretched elementor-section-boxed elementor-section-height-default elementor-section-items-middle\" data-id=\"1b9cbd79\" data-element_type=\"section\" data-settings=\"{&quot;stretch_section&quot;:&quot;section-stretched&quot;,&quot;background_background&quot;:&quot;classic&quot;}\">\n\t\t\t\t\t\t\t<div class=\"elementor-background-overlay\"><\/div>\n\t\t\t\t\t\t\t<div class=\"elementor-container elementor-column-gap-default\">\n\t\t\t\t\t<div class=\"elementor-column elementor-col-100 elementor-top-column elementor-element elementor-element-4b3289f3\" data-id=\"4b3289f3\" data-element_type=\"column\">\n\t\t\t<div class=\"elementor-widget-wrap elementor-element-populated\">\n\t\t\t\t\t\t\t\t<div class=\"elementor-element elementor-element-7a221973 elementor-widget elementor-widget-heading\" data-id=\"7a221973\" data-element_type=\"widget\" data-widget_type=\"heading.default\">\n\t\t\t\t<div class=\"elementor-widget-container\">\n\t\t\t<style>\/*! elementor - v3.15.0 - 20-08-2023 *\/\n.elementor-heading-title{padding:0;margin:0;line-height:1}.elementor-widget-heading .elementor-heading-title[class*=elementor-size-]>a{color:inherit;font-size:inherit;line-height:inherit}.elementor-widget-heading .elementor-heading-title.elementor-size-small{font-size:15px}.elementor-widget-heading .elementor-heading-title.elementor-size-medium{font-size:19px}.elementor-widget-heading .elementor-heading-title.elementor-size-large{font-size:29px}.elementor-widget-heading .elementor-heading-title.elementor-size-xl{font-size:39px}.elementor-widget-heading .elementor-heading-title.elementor-size-xxl{font-size:59px}<\/style><h2 class=\"elementor-heading-title elementor-size-default\">Frutas<\/h2>\t\t<\/div>\n\t\t\t\t<\/div>\n\t\t\t\t\t<\/div>\n\t\t<\/div>\n\t\t\t\t\t\t\t<\/div>\n\t\t<\/section>\n\t\t\t\t<section class=\"elementor-section elementor-top-section elementor-element elementor-element-4845af85 elementor-section-boxed elementor-section-height-default elementor-section-height-default\" data-id=\"4845af85\" data-element_type=\"section\">\n\t\t\t\t\t\t<div class=\"elementor-container elementor-column-gap-default\">\n\t\t\t\t\t<div class=\"elementor-column elementor-col-33 elementor-top-column elementor-element elementor-element-5c591e41\" data-id=\"5c591e41\" data-element_type=\"column\">\n\t\t\t<div class=\"elementor-widget-wrap elementor-element-populated\">\n\t\t\t\t\t\t\t\t<section class=\"elementor-section elementor-inner-section elementor-element elementor-element-402bb70d elementor-section-boxed elementor-section-height-default elementor-section-height-default\" data-id=\"402bb70d\" data-element_type=\"section\">\n\t\t\t\t\t\t<div class=\"elementor-container elementor-column-gap-default\">\n\t\t\t\t\t<div class=\"elementor-column elementor-col-100 elementor-inner-column elementor-element elementor-element-34fc93d4\" data-id=\"34fc93d4\" data-element_type=\"column\">\n\t\t\t<div class=\"elementor-widget-wrap elementor-element-populated\">\n\t\t\t\t\t\t\t\t<div class=\"elementor-element elementor-element-4adec22c elementor-widget elementor-widget-image\" data-id=\"4adec22c\" data-element_type=\"widget\" data-widget_type=\"image.default\">\n\t\t\t\t<div class=\"elementor-widget-container\">\n\t\t\t<style>\/*! elementor - v3.15.0 - 20-08-2023 *\/\n.elementor-widget-image{text-align:center}.elementor-widget-image a{display:inline-block}.elementor-widget-image a img[src$=\".svg\"]{width:48px}.elementor-widget-image img{vertical-align:middle;display:inline-block}<\/style>\t\t\t\t\t\t\t\t\t\t\t\t<img decoding=\"async\" loading=\"lazy\" width=\"1024\" height=\"680\" src=\"https:\/\/exportxis.com\/wp-content\/uploads\/2023\/09\/limon.jpg\" class=\"attachment-large size-large wp-image-947\" alt=\"\" srcset=\"https:\/\/exportxis.com\/wp-content\/uploads\/2023\/09\/limon.jpg 1024w, https:\/\/exportxis.com\/wp-content\/uploads\/2023\/09\/limon-500x332.jpg 500w, https:\/\/exportxis.com\/wp-content\/uploads\/2023\/09\/limon-300x199.jpg 300w, https:\/\/exportxis.com\/wp-content\/uploads\/2023\/09\/limon-768x510.jpg 768w, https:\/\/exportxis.com\/wp-content\/uploads\/2023\/09\/limon-113x75.jpg 113w, https:\/\/exportxis.com\/wp-content\/uploads\/2023\/09\/limon-480x319.jpg 480w\" sizes=\"(max-width:767px) 480px, (max-width:1024px) 100vw, 1024px\" \/>\t\t\t\t\t\t\t\t\t\t\t\t\t\t\t<\/div>\n\t\t\t\t<\/div>\n\t\t\t\t<div class=\"elementor-element elementor-element-5cf8ea73 elementor-widget elementor-widget-heading\" data-id=\"5cf8ea73\" data-element_type=\"widget\" data-widget_type=\"heading.default\">\n\t\t\t\t<div class=\"elementor-widget-container\">\n\t\t\t<h2 class=\"elementor-heading-title elementor-size-default\">Lim\u00f3n Tahit\u00ed<\/h2>\t\t<\/div>\n\t\t\t\t<\/div>\n\t\t\t\t\t<\/div>\n\t\t<\/div>\n\t\t\t\t\t\t\t<\/div>\n\t\t<\/section>\n\t\t\t\t\t<\/div>\n\t\t<\/div>\n\t\t\t\t<div class=\"elementor-column elementor-col-33 elementor-top-column elementor-element elementor-element-3747811b\" data-id=\"3747811b\" data-element_type=\"column\">\n\t\t\t<div class=\"elementor-widget-wrap elementor-element-populated\">\n\t\t\t\t\t\t\t\t<section class=\"elementor-section elementor-inner-section elementor-element elementor-element-6f5d34d5 elementor-section-boxed elementor-section-height-default elementor-section-height-default\" data-id=\"6f5d34d5\" data-element_type=\"section\">\n\t\t\t\t\t\t<div class=\"elementor-container elementor-column-gap-default\">\n\t\t\t\t\t<div class=\"elementor-column elementor-col-100 elementor-inner-column elementor-element elementor-element-42097759\" data-id=\"42097759\" data-element_type=\"column\">\n\t\t\t<div class=\"elementor-widget-wrap elementor-element-populated\">\n\t\t\t\t\t\t\t\t<div class=\"elementor-element elementor-element-79d2f6c6 elementor-widget elementor-widget-image\" data-id=\"79d2f6c6\" data-element_type=\"widget\" data-widget_type=\"image.default\">\n\t\t\t\t<div class=\"elementor-widget-container\">\n\t\t\t\t\t\t\t\t\t\t\t\t\t\t\t<img decoding=\"async\" loading=\"lazy\" width=\"850\" height=\"566\" src=\"https:\/\/exportxis.com\/wp-content\/uploads\/2023\/09\/Mango-Tommy.webp\" class=\"attachment-large size-large wp-image-948\" alt=\"\" srcset=\"https:\/\/exportxis.com\/wp-content\/uploads\/2023\/09\/Mango-Tommy.webp 850w, https:\/\/exportxis.com\/wp-content\/uploads\/2023\/09\/Mango-Tommy-500x333.webp 500w, https:\/\/exportxis.com\/wp-content\/uploads\/2023\/09\/Mango-Tommy-300x200.webp 300w, https:\/\/exportxis.com\/wp-content\/uploads\/2023\/09\/Mango-Tommy-768x511.webp 768w, https:\/\/exportxis.com\/wp-content\/uploads\/2023\/09\/Mango-Tommy-113x75.webp 113w, https:\/\/exportxis.com\/wp-content\/uploads\/2023\/09\/Mango-Tommy-480x320.webp 480w\" sizes=\"(max-width:767px) 480px, (max-width:850px) 100vw, 850px\" \/>\t\t\t\t\t\t\t\t\t\t\t\t\t\t\t<\/div>\n\t\t\t\t<\/div>\n\t\t\t\t<div class=\"elementor-element elementor-element-7b2a0945 elementor-widget elementor-widget-heading\" data-id=\"7b2a0945\" data-element_type=\"widget\" data-widget_type=\"heading.default\">\n\t\t\t\t<div class=\"elementor-widget-container\">\n\t\t\t<h2 class=\"elementor-heading-title elementor-size-default\">Mango Tommy<\/h2>\t\t<\/div>\n\t\t\t\t<\/div>\n\t\t\t\t\t<\/div>\n\t\t<\/div>\n\t\t\t\t\t\t\t<\/div>\n\t\t<\/section>\n\t\t\t\t\t<\/div>\n\t\t<\/div>\n\t\t\t\t<div class=\"elementor-column elementor-col-33 elementor-top-column elementor-element elementor-element-28d9b13a\" data-id=\"28d9b13a\" data-element_type=\"column\">\n\t\t\t<div class=\"elementor-widget-wrap elementor-element-populated\">\n\t\t\t\t\t\t\t\t<section class=\"elementor-section elementor-inner-section elementor-element elementor-element-5645f95e elementor-section-boxed elementor-section-height-default elementor-section-height-default\" data-id=\"5645f95e\" data-element_type=\"section\">\n\t\t\t\t\t\t<div class=\"elementor-container elementor-column-gap-default\">\n\t\t\t\t\t<div class=\"elementor-column elementor-col-100 elementor-inner-column elementor-element elementor-element-995fdba\" data-id=\"995fdba\" data-element_type=\"column\">\n\t\t\t<div class=\"elementor-widget-wrap elementor-element-populated\">\n\t\t\t\t\t\t\t\t<div class=\"elementor-element elementor-element-2a0d1bf9 elementor-widget elementor-widget-image\" data-id=\"2a0d1bf9\" data-element_type=\"widget\" data-widget_type=\"image.default\">\n\t\t\t\t<div class=\"elementor-widget-container\">\n\t\t\t\t\t\t\t\t\t\t\t\t\t\t\t<img decoding=\"async\" loading=\"lazy\" width=\"1200\" height=\"800\" src=\"https:\/\/exportxis.com\/wp-content\/uploads\/2023\/09\/banana-1-1200x800.jpg\" class=\"attachment-large size-large wp-image-949\" alt=\"\" srcset=\"https:\/\/exportxis.com\/wp-content\/uploads\/2023\/09\/banana-1-1200x800.jpg 1200w, https:\/\/exportxis.com\/wp-content\/uploads\/2023\/09\/banana-1-500x333.jpg 500w, https:\/\/exportxis.com\/wp-content\/uploads\/2023\/09\/banana-1-300x200.jpg 300w, https:\/\/exportxis.com\/wp-content\/uploads\/2023\/09\/banana-1-768x512.jpg 768w, https:\/\/exportxis.com\/wp-content\/uploads\/2023\/09\/banana-1-1536x1024.jpg 1536w, https:\/\/exportxis.com\/wp-content\/uploads\/2023\/09\/banana-1-2048x1365.jpg 2048w, https:\/\/exportxis.com\/wp-content\/uploads\/2023\/09\/banana-1-113x75.jpg 113w, https:\/\/exportxis.com\/wp-content\/uploads\/2023\/09\/banana-1-480x320.jpg 480w\" sizes=\"(max-width:767px) 480px, (max-width:1200px) 100vw, 1200px\" \/>\t\t\t\t\t\t\t\t\t\t\t\t\t\t\t<\/div>\n\t\t\t\t<\/div>\n\t\t\t\t<div class=\"elementor-element elementor-element-7785b391 elementor-widget elementor-widget-heading\" data-id=\"7785b391\" data-element_type=\"widget\" data-widget_type=\"heading.default\">\n\t\t\t\t<div class=\"elementor-widget-container\">\n\t\t\t<h2 class=\"elementor-heading-title elementor-size-default\">Banano Cavendish Valery<\/h2>\t\t<\/div>\n\t\t\t\t<\/div>\n\t\t\t\t\t<\/div>\n\t\t<\/div>\n\t\t\t\t\t\t\t<\/div>\n\t\t<\/section>\n\t\t\t\t\t<\/div>\n\t\t<\/div>\n\t\t\t\t\t\t\t<\/div>\n\t\t<\/section>\n\t\t\t\t<section class=\"elementor-section elementor-top-section elementor-element elementor-element-359f48fd elementor-section-boxed elementor-section-height-default elementor-section-height-default\" data-id=\"359f48fd\" data-element_type=\"section\">\n\t\t\t\t\t\t<div class=\"elementor-container elementor-column-gap-default\">\n\t\t\t\t\t<div class=\"elementor-column elementor-col-33 elementor-top-column elementor-element elementor-element-208715c2\" data-id=\"208715c2\" data-element_type=\"column\">\n\t\t\t<div class=\"elementor-widget-wrap elementor-element-populated\">\n\t\t\t\t\t\t\t\t<section class=\"elementor-section elementor-inner-section elementor-element elementor-element-23d3c791 elementor-section-boxed elementor-section-height-default elementor-section-height-default\" data-id=\"23d3c791\" data-element_type=\"section\">\n\t\t\t\t\t\t<div class=\"elementor-container elementor-column-gap-default\">\n\t\t\t\t\t<div class=\"elementor-column elementor-col-100 elementor-inner-column elementor-element elementor-element-22af575\" data-id=\"22af575\" data-element_type=\"column\">\n\t\t\t<div class=\"elementor-widget-wrap elementor-element-populated\">\n\t\t\t\t\t\t\t\t<div class=\"elementor-element elementor-element-2a39b933 elementor-widget elementor-widget-image\" data-id=\"2a39b933\" data-element_type=\"widget\" data-widget_type=\"image.default\">\n\t\t\t\t<div class=\"elementor-widget-container\">\n\t\t\t\t\t\t\t\t\t\t\t\t\t\t\t<img decoding=\"async\" loading=\"lazy\" width=\"514\" height=\"350\" src=\"https:\/\/exportxis.com\/wp-content\/uploads\/2023\/09\/pina-golden.webp\" class=\"attachment-large size-large wp-image-950\" alt=\"\" srcset=\"https:\/\/exportxis.com\/wp-content\/uploads\/2023\/09\/pina-golden.webp 514w, https:\/\/exportxis.com\/wp-content\/uploads\/2023\/09\/pina-golden-500x340.webp 500w, https:\/\/exportxis.com\/wp-content\/uploads\/2023\/09\/pina-golden-300x204.webp 300w, https:\/\/exportxis.com\/wp-content\/uploads\/2023\/09\/pina-golden-110x75.webp 110w, https:\/\/exportxis.com\/wp-content\/uploads\/2023\/09\/pina-golden-480x327.webp 480w\" sizes=\"(max-width:767px) 480px, 514px\" \/>\t\t\t\t\t\t\t\t\t\t\t\t\t\t\t<\/div>\n\t\t\t\t<\/div>\n\t\t\t\t<div class=\"elementor-element elementor-element-175d9dfb elementor-widget elementor-widget-heading\" data-id=\"175d9dfb\" data-element_type=\"widget\" data-widget_type=\"heading.default\">\n\t\t\t\t<div class=\"elementor-widget-container\">\n\t\t\t<h2 class=\"elementor-heading-title elementor-size-default\">Pi\u00f1a Golden<\/h2>\t\t<\/div>\n\t\t\t\t<\/div>\n\t\t\t\t\t<\/div>\n\t\t<\/div>\n\t\t\t\t\t\t\t<\/div>\n\t\t<\/section>\n\t\t\t\t\t<\/div>\n\t\t<\/div>\n\t\t\t\t<div class=\"elementor-column elementor-col-33 elementor-top-column elementor-element elementor-element-777c5c28\" data-id=\"777c5c28\" data-element_type=\"column\">\n\t\t\t<div class=\"elementor-widget-wrap elementor-element-populated\">\n\t\t\t\t\t\t\t\t<section class=\"elementor-section elementor-inner-section elementor-element elementor-element-12d3dc8f elementor-section-boxed elementor-section-height-default elementor-section-height-default\" data-id=\"12d3dc8f\" data-element_type=\"section\">\n\t\t\t\t\t\t<div class=\"elementor-container elementor-column-gap-default\">\n\t\t\t\t\t<div class=\"elementor-column elementor-col-100 elementor-inner-column elementor-element elementor-element-4dc430cb\" data-id=\"4dc430cb\" data-element_type=\"column\">\n\t\t\t<div class=\"elementor-widget-wrap elementor-element-populated\">\n\t\t\t\t\t\t\t\t<div class=\"elementor-element elementor-element-4b00d592 elementor-widget elementor-widget-image\" data-id=\"4b00d592\" data-element_type=\"widget\" data-widget_type=\"image.default\">\n\t\t\t\t<div class=\"elementor-widget-container\">\n\t\t\t\t\t\t\t\t\t\t\t\t\t\t\t<img decoding=\"async\" loading=\"lazy\" width=\"1024\" height=\"683\" src=\"https:\/\/exportxis.com\/wp-content\/uploads\/2023\/09\/guanabana.jpg\" class=\"attachment-large size-large wp-image-951\" alt=\"\" srcset=\"https:\/\/exportxis.com\/wp-content\/uploads\/2023\/09\/guanabana.jpg 1024w, https:\/\/exportxis.com\/wp-content\/uploads\/2023\/09\/guanabana-500x333.jpg 500w, https:\/\/exportxis.com\/wp-content\/uploads\/2023\/09\/guanabana-300x200.jpg 300w, https:\/\/exportxis.com\/wp-content\/uploads\/2023\/09\/guanabana-768x512.jpg 768w, https:\/\/exportxis.com\/wp-content\/uploads\/2023\/09\/guanabana-112x75.jpg 112w, https:\/\/exportxis.com\/wp-content\/uploads\/2023\/09\/guanabana-480x320.jpg 480w\" sizes=\"(max-width:767px) 480px, (max-width:1024px) 100vw, 1024px\" \/>\t\t\t\t\t\t\t\t\t\t\t\t\t\t\t<\/div>\n\t\t\t\t<\/div>\n\t\t\t\t<div class=\"elementor-element elementor-element-2e6869b3 elementor-widget elementor-widget-heading\" data-id=\"2e6869b3\" data-element_type=\"widget\" data-widget_type=\"heading.default\">\n\t\t\t\t<div class=\"elementor-widget-container\">\n\t\t\t<h2 class=\"elementor-heading-title elementor-size-default\">Guanabana<\/h2>\t\t<\/div>\n\t\t\t\t<\/div>\n\t\t\t\t\t<\/div>\n\t\t<\/div>\n\t\t\t\t\t\t\t<\/div>\n\t\t<\/section>\n\t\t\t\t\t<\/div>\n\t\t<\/div>\n\t\t\t\t<div class=\"elementor-column elementor-col-33 elementor-top-column elementor-element elementor-element-2157f154\" data-id=\"2157f154\" data-element_type=\"column\">\n\t\t\t<div class=\"elementor-widget-wrap elementor-element-populated\">\n\t\t\t\t\t\t\t\t<section class=\"elementor-section elementor-inner-section elementor-element elementor-element-7d378c18 elementor-section-boxed elementor-section-height-default elementor-section-height-default\" data-id=\"7d378c18\" data-element_type=\"section\">\n\t\t\t\t\t\t<div class=\"elementor-container elementor-column-gap-default\">\n\t\t\t\t\t<div class=\"elementor-column elementor-col-100 elementor-inner-column elementor-element elementor-element-45a7b4ef\" data-id=\"45a7b4ef\" data-element_type=\"column\">\n\t\t\t<div class=\"elementor-widget-wrap elementor-element-populated\">\n\t\t\t\t\t\t\t\t<div class=\"elementor-element elementor-element-52f81257 elementor-widget elementor-widget-image\" data-id=\"52f81257\" data-element_type=\"widget\" data-widget_type=\"image.default\">\n\t\t\t\t<div class=\"elementor-widget-container\">\n\t\t\t\t\t\t\t\t\t\t\t\t\t\t\t<img decoding=\"async\" loading=\"lazy\" width=\"1000\" height=\"667\" src=\"https:\/\/exportxis.com\/wp-content\/uploads\/2023\/09\/aguacate-hass.jpeg\" class=\"attachment-large size-large wp-image-952\" alt=\"\" srcset=\"https:\/\/exportxis.com\/wp-content\/uploads\/2023\/09\/aguacate-hass.jpeg 1000w, https:\/\/exportxis.com\/wp-content\/uploads\/2023\/09\/aguacate-hass-500x334.jpeg 500w, https:\/\/exportxis.com\/wp-content\/uploads\/2023\/09\/aguacate-hass-300x200.jpeg 300w, https:\/\/exportxis.com\/wp-content\/uploads\/2023\/09\/aguacate-hass-768x512.jpeg 768w, https:\/\/exportxis.com\/wp-content\/uploads\/2023\/09\/aguacate-hass-112x75.jpeg 112w, https:\/\/exportxis.com\/wp-content\/uploads\/2023\/09\/aguacate-hass-480x320.jpeg 480w\" sizes=\"(max-width:767px) 480px, (max-width:1000px) 100vw, 1000px\" \/>\t\t\t\t\t\t\t\t\t\t\t\t\t\t\t<\/div>\n\t\t\t\t<\/div>\n\t\t\t\t<div class=\"elementor-element elementor-element-22620950 elementor-widget elementor-widget-heading\" data-id=\"22620950\" data-element_type=\"widget\" data-widget_type=\"heading.default\">\n\t\t\t\t<div class=\"elementor-widget-container\">\n\t\t\t<h2 class=\"elementor-heading-title elementor-size-default\">Aguacate Hass<\/h2>\t\t<\/div>\n\t\t\t\t<\/div>\n\t\t\t\t\t<\/div>\n\t\t<\/div>\n\t\t\t\t\t\t\t<\/div>\n\t\t<\/section>\n\t\t\t\t\t<\/div>\n\t\t<\/div>\n\t\t\t\t\t\t\t<\/div>\n\t\t<\/section>\n\t\t\t\t<section class=\"elementor-section elementor-top-section elementor-element elementor-element-8b02b9f elementor-section-boxed elementor-section-height-default elementor-section-height-default\" data-id=\"8b02b9f\" data-element_type=\"section\">\n\t\t\t\t\t\t<div class=\"elementor-container elementor-column-gap-default\">\n\t\t\t\t\t<div class=\"elementor-column elementor-col-25 elementor-top-column elementor-element elementor-element-1f81e12\" data-id=\"1f81e12\" data-element_type=\"column\">\n\t\t\t<div class=\"elementor-widget-wrap\">\n\t\t\t\t\t\t\t\t\t<\/div>\n\t\t<\/div>\n\t\t\t\t<div class=\"elementor-column elementor-col-25 elementor-top-column elementor-element elementor-element-a4b0d7c\" data-id=\"a4b0d7c\" data-element_type=\"column\">\n\t\t\t<div class=\"elementor-widget-wrap elementor-element-populated\">\n\t\t\t\t\t\t\t\t<section class=\"elementor-section elementor-inner-section elementor-element elementor-element-c2638bd elementor-section-boxed elementor-section-height-default elementor-section-height-default\" data-id=\"c2638bd\" data-element_type=\"section\">\n\t\t\t\t\t\t<div class=\"elementor-container elementor-column-gap-default\">\n\t\t\t\t\t<div class=\"elementor-column elementor-col-100 elementor-inner-column elementor-element elementor-element-a402898\" data-id=\"a402898\" data-element_type=\"column\">\n\t\t\t<div class=\"elementor-widget-wrap elementor-element-populated\">\n\t\t\t\t\t\t\t\t<div class=\"elementor-element elementor-element-c3a4a54 elementor-widget elementor-widget-image\" data-id=\"c3a4a54\" data-element_type=\"widget\" data-widget_type=\"image.default\">\n\t\t\t\t<div class=\"elementor-widget-container\">\n\t\t\t\t\t\t\t\t\t\t\t\t\t\t\t<img decoding=\"async\" loading=\"lazy\" width=\"640\" height=\"427\" src=\"https:\/\/exportxis.com\/wp-content\/uploads\/2023\/09\/papaya.webp\" class=\"attachment-large size-large wp-image-1024\" alt=\"\" srcset=\"https:\/\/exportxis.com\/wp-content\/uploads\/2023\/09\/papaya.webp 640w, https:\/\/exportxis.com\/wp-content\/uploads\/2023\/09\/papaya-500x334.webp 500w, https:\/\/exportxis.com\/wp-content\/uploads\/2023\/09\/papaya-300x200.webp 300w, https:\/\/exportxis.com\/wp-content\/uploads\/2023\/09\/papaya-112x75.webp 112w, https:\/\/exportxis.com\/wp-content\/uploads\/2023\/09\/papaya-480x320.webp 480w\" sizes=\"(max-width:767px) 480px, 640px\" \/>\t\t\t\t\t\t\t\t\t\t\t\t\t\t\t<\/div>\n\t\t\t\t<\/div>\n\t\t\t\t<div class=\"elementor-element elementor-element-7f3cb23 elementor-widget elementor-widget-heading\" data-id=\"7f3cb23\" data-element_type=\"widget\" data-widget_type=\"heading.default\">\n\t\t\t\t<div class=\"elementor-widget-container\">\n\t\t\t<h2 class=\"elementor-heading-title elementor-size-default\">Papaya<\/h2>\t\t<\/div>\n\t\t\t\t<\/div>\n\t\t\t\t\t<\/div>\n\t\t<\/div>\n\t\t\t\t\t\t\t<\/div>\n\t\t<\/section>\n\t\t\t\t\t<\/div>\n\t\t<\/div>\n\t\t\t\t<div class=\"elementor-column elementor-col-25 elementor-top-column elementor-element elementor-element-a9ecac2\" data-id=\"a9ecac2\" data-element_type=\"column\">\n\t\t\t<div class=\"elementor-widget-wrap elementor-element-populated\">\n\t\t\t\t\t\t\t\t<section class=\"elementor-section elementor-inner-section elementor-element elementor-element-84b13ea elementor-section-boxed elementor-section-height-default elementor-section-height-default\" data-id=\"84b13ea\" data-element_type=\"section\">\n\t\t\t\t\t\t<div class=\"elementor-container elementor-column-gap-default\">\n\t\t\t\t\t<div class=\"elementor-column elementor-col-100 elementor-inner-column elementor-element elementor-element-80208d5\" data-id=\"80208d5\" data-element_type=\"column\">\n\t\t\t<div class=\"elementor-widget-wrap elementor-element-populated\">\n\t\t\t\t\t\t\t\t<div class=\"elementor-element elementor-element-9477c72 elementor-widget elementor-widget-image\" data-id=\"9477c72\" data-element_type=\"widget\" data-widget_type=\"image.default\">\n\t\t\t\t<div class=\"elementor-widget-container\">\n\t\t\t\t\t\t\t\t\t\t\t\t\t\t\t<img decoding=\"async\" loading=\"lazy\" width=\"1090\" height=\"740\" src=\"https:\/\/exportxis.com\/wp-content\/uploads\/2023\/09\/maracuya-e1694119635433.jpg\" class=\"attachment-large size-large wp-image-1025\" alt=\"\" srcset=\"https:\/\/exportxis.com\/wp-content\/uploads\/2023\/09\/maracuya-e1694119635433.jpg 1090w, https:\/\/exportxis.com\/wp-content\/uploads\/2023\/09\/maracuya-e1694119635433-500x339.jpg 500w, https:\/\/exportxis.com\/wp-content\/uploads\/2023\/09\/maracuya-e1694119635433-300x204.jpg 300w, https:\/\/exportxis.com\/wp-content\/uploads\/2023\/09\/maracuya-e1694119635433-768x521.jpg 768w, https:\/\/exportxis.com\/wp-content\/uploads\/2023\/09\/maracuya-e1694119635433-110x75.jpg 110w, https:\/\/exportxis.com\/wp-content\/uploads\/2023\/09\/maracuya-e1694119635433-480x326.jpg 480w\" sizes=\"(max-width:767px) 480px, (max-width:1090px) 100vw, 1090px\" \/>\t\t\t\t\t\t\t\t\t\t\t\t\t\t\t<\/div>\n\t\t\t\t<\/div>\n\t\t\t\t<div class=\"elementor-element elementor-element-1be55a1 elementor-widget elementor-widget-heading\" data-id=\"1be55a1\" data-element_type=\"widget\" data-widget_type=\"heading.default\">\n\t\t\t\t<div class=\"elementor-widget-container\">\n\t\t\t<h2 class=\"elementor-heading-title elementor-size-default\">Maracuya<\/h2>\t\t<\/div>\n\t\t\t\t<\/div>\n\t\t\t\t\t<\/div>\n\t\t<\/div>\n\t\t\t\t\t\t\t<\/div>\n\t\t<\/section>\n\t\t\t\t\t<\/div>\n\t\t<\/div>\n\t\t\t\t<div class=\"elementor-column elementor-col-25 elementor-top-column elementor-element elementor-element-69ce475\" data-id=\"69ce475\" data-element_type=\"column\">\n\t\t\t<div class=\"elementor-widget-wrap\">\n\t\t\t\t\t\t\t\t\t<\/div>\n\t\t<\/div>\n\t\t\t\t\t\t\t<\/div>\n\t\t<\/section>\n\t\t\t\t\t\t\t<\/div>\n\t\t","protected":false},"excerpt":{"rendered":"<p>Frutas Lim\u00f3n Tahit\u00ed Mango Tommy Banano Cavendish Valery Pi\u00f1a Golden Guanabana Aguacate Hass Papaya Maracuya<\/p>\n","protected":false},"author":1,"featured_media":0,"parent":6,"menu_order":0,"comment_status":"closed","ping_status":"closed","template":"","meta":{"om_disable_all_campaigns":false,"_monsterinsights_skip_tracking":false,"_monsterinsights_sitenote_active":false,"_monsterinsights_sitenote_note":"","_monsterinsights_sitenote_category":0,"footnotes":""},"aioseo_notices":[],"_links":{"self":[{"href":"https:\/\/exportxis.com\/es_es\/wp-json\/wp\/v2\/pages\/941"}],"collection":[{"href":"https:\/\/exportxis.com\/es_es\/wp-json\/wp\/v2\/pages"}],"about":[{"href":"https:\/\/exportxis.com\/es_es\/wp-json\/wp\/v2\/types\/page"}],"author":[{"embeddable":true,"href":"https:\/\/exportxis.com\/es_es\/wp-json\/wp\/v2\/users\/1"}],"replies":[{"embeddable":true,"href":"https:\/\/exportxis.com\/es_es\/wp-json\/wp\/v2\/comments?post=941"}],"version-history":[{"count":0,"href":"https:\/\/exportxis.com\/es_es\/wp-json\/wp\/v2\/pages\/941\/revisions"}],"up":[{"embeddable":true,"href":"https:\/\/exportxis.com\/es_es\/wp-json\/wp\/v2\/pages\/6"}],"wp:attachment":[{"href":"https:\/\/exportxis.com\/es_es\/wp-json\/wp\/v2\/media?parent=941"}],"curies":[{"name":"wp","href":"https:\/\/api.w.org\/{rel}","templated":true}]}}