{"id":972,"date":"2023-09-07T22:13:17","date_gmt":"2023-09-07T20:13:17","guid":{"rendered":"https:\/\/exportxis.com\/?page_id=972"},"modified":"2023-09-12T17:18:44","modified_gmt":"2023-09-12T15:18:44","slug":"productos-agricolas-2","status":"publish","type":"page","link":"https:\/\/exportxis.com\/es_es\/productos\/productos-agricolas-2\/","title":{"rendered":"Productos Agr\u00edcolas"},"content":{"rendered":"\t\t<div data-elementor-type=\"wp-page\" data-elementor-id=\"972\" class=\"elementor elementor-972\" data-elementor-post-type=\"page\">\n\t\t\t\t\t\t\t\t\t<section class=\"elementor-section elementor-top-section elementor-element elementor-element-25f1394b elementor-section-height-min-height elementor-section-stretched elementor-section-boxed elementor-section-height-default elementor-section-items-middle\" data-id=\"25f1394b\" data-element_type=\"section\" data-settings=\"{&quot;stretch_section&quot;:&quot;section-stretched&quot;,&quot;background_background&quot;:&quot;classic&quot;}\">\n\t\t\t\t\t\t\t<div class=\"elementor-background-overlay\"><\/div>\n\t\t\t\t\t\t\t<div class=\"elementor-container elementor-column-gap-default\">\n\t\t\t\t\t<div class=\"elementor-column elementor-col-100 elementor-top-column elementor-element elementor-element-30150650\" data-id=\"30150650\" data-element_type=\"column\">\n\t\t\t<div class=\"elementor-widget-wrap elementor-element-populated\">\n\t\t\t\t\t\t\t\t<div class=\"elementor-element elementor-element-25c25d08 elementor-widget elementor-widget-heading\" data-id=\"25c25d08\" data-element_type=\"widget\" data-widget_type=\"heading.default\">\n\t\t\t\t<div class=\"elementor-widget-container\">\n\t\t\t<style>\/*! elementor - v3.15.0 - 20-08-2023 *\/\n.elementor-heading-title{padding:0;margin:0;line-height:1}.elementor-widget-heading .elementor-heading-title[class*=elementor-size-]>a{color:inherit;font-size:inherit;line-height:inherit}.elementor-widget-heading .elementor-heading-title.elementor-size-small{font-size:15px}.elementor-widget-heading .elementor-heading-title.elementor-size-medium{font-size:19px}.elementor-widget-heading .elementor-heading-title.elementor-size-large{font-size:29px}.elementor-widget-heading .elementor-heading-title.elementor-size-xl{font-size:39px}.elementor-widget-heading .elementor-heading-title.elementor-size-xxl{font-size:59px}<\/style><h2 class=\"elementor-heading-title elementor-size-default\">Productos Agr\u00edcolas<\/h2>\t\t<\/div>\n\t\t\t\t<\/div>\n\t\t\t\t\t<\/div>\n\t\t<\/div>\n\t\t\t\t\t\t\t<\/div>\n\t\t<\/section>\n\t\t\t\t<section class=\"elementor-section elementor-top-section elementor-element elementor-element-71d6df81 elementor-section-boxed elementor-section-height-default elementor-section-height-default\" data-id=\"71d6df81\" data-element_type=\"section\">\n\t\t\t\t\t\t<div class=\"elementor-container elementor-column-gap-default\">\n\t\t\t\t\t<div class=\"elementor-column elementor-col-33 elementor-top-column elementor-element elementor-element-68d9d171\" data-id=\"68d9d171\" data-element_type=\"column\">\n\t\t\t<div class=\"elementor-widget-wrap elementor-element-populated\">\n\t\t\t\t\t\t\t\t<section class=\"elementor-section elementor-inner-section elementor-element elementor-element-392f906a elementor-section-boxed elementor-section-height-default elementor-section-height-default\" data-id=\"392f906a\" data-element_type=\"section\">\n\t\t\t\t\t\t<div class=\"elementor-container elementor-column-gap-default\">\n\t\t\t\t\t<div class=\"elementor-column elementor-col-100 elementor-inner-column elementor-element elementor-element-70dc7267\" data-id=\"70dc7267\" data-element_type=\"column\">\n\t\t\t<div class=\"elementor-widget-wrap elementor-element-populated\">\n\t\t\t\t\t\t\t\t<div class=\"elementor-element elementor-element-50a4ee07 elementor-widget elementor-widget-image\" data-id=\"50a4ee07\" data-element_type=\"widget\" data-widget_type=\"image.default\">\n\t\t\t\t<div class=\"elementor-widget-container\">\n\t\t\t<style>\/*! elementor - v3.15.0 - 20-08-2023 *\/\n.elementor-widget-image{text-align:center}.elementor-widget-image a{display:inline-block}.elementor-widget-image a img[src$=\".svg\"]{width:48px}.elementor-widget-image img{vertical-align:middle;display:inline-block}<\/style>\t\t\t\t\t\t\t\t\t\t\t\t<img decoding=\"async\" loading=\"lazy\" width=\"1000\" height=\"667\" src=\"https:\/\/exportxis.com\/wp-content\/uploads\/2023\/09\/abonos-organicos.jpg\" class=\"attachment-large size-large wp-image-976\" alt=\"\" srcset=\"https:\/\/exportxis.com\/wp-content\/uploads\/2023\/09\/abonos-organicos.jpg 1000w, https:\/\/exportxis.com\/wp-content\/uploads\/2023\/09\/abonos-organicos-500x334.jpg 500w, https:\/\/exportxis.com\/wp-content\/uploads\/2023\/09\/abonos-organicos-300x200.jpg 300w, https:\/\/exportxis.com\/wp-content\/uploads\/2023\/09\/abonos-organicos-768x512.jpg 768w, https:\/\/exportxis.com\/wp-content\/uploads\/2023\/09\/abonos-organicos-112x75.jpg 112w, https:\/\/exportxis.com\/wp-content\/uploads\/2023\/09\/abonos-organicos-480x320.jpg 480w\" sizes=\"(max-width:767px) 480px, (max-width:1000px) 100vw, 1000px\" \/>\t\t\t\t\t\t\t\t\t\t\t\t\t\t\t<\/div>\n\t\t\t\t<\/div>\n\t\t\t\t<div class=\"elementor-element elementor-element-393a6c27 elementor-widget elementor-widget-heading\" data-id=\"393a6c27\" data-element_type=\"widget\" data-widget_type=\"heading.default\">\n\t\t\t\t<div class=\"elementor-widget-container\">\n\t\t\t<h2 class=\"elementor-heading-title elementor-size-default\">Abono Org\u00e1nico<\/h2>\t\t<\/div>\n\t\t\t\t<\/div>\n\t\t\t\t\t<\/div>\n\t\t<\/div>\n\t\t\t\t\t\t\t<\/div>\n\t\t<\/section>\n\t\t\t\t\t<\/div>\n\t\t<\/div>\n\t\t\t\t<div class=\"elementor-column elementor-col-33 elementor-top-column elementor-element elementor-element-7b0f2d6d\" data-id=\"7b0f2d6d\" data-element_type=\"column\">\n\t\t\t<div class=\"elementor-widget-wrap elementor-element-populated\">\n\t\t\t\t\t\t\t\t<section class=\"elementor-section elementor-inner-section elementor-element elementor-element-2563cbf1 elementor-section-boxed elementor-section-height-default elementor-section-height-default\" data-id=\"2563cbf1\" data-element_type=\"section\">\n\t\t\t\t\t\t<div class=\"elementor-container elementor-column-gap-default\">\n\t\t\t\t\t<div class=\"elementor-column elementor-col-100 elementor-inner-column elementor-element elementor-element-128953a7\" data-id=\"128953a7\" data-element_type=\"column\">\n\t\t\t<div class=\"elementor-widget-wrap elementor-element-populated\">\n\t\t\t\t\t\t\t\t<div class=\"elementor-element elementor-element-48982772 elementor-widget elementor-widget-image\" data-id=\"48982772\" data-element_type=\"widget\" data-widget_type=\"image.default\">\n\t\t\t\t<div class=\"elementor-widget-container\">\n\t\t\t\t\t\t\t\t\t\t\t\t\t\t\t<img decoding=\"async\" loading=\"lazy\" width=\"1024\" height=\"687\" src=\"https:\/\/exportxis.com\/wp-content\/uploads\/2023\/09\/palmiste-e1694118275356.jpeg\" class=\"attachment-full size-full wp-image-977\" alt=\"\" srcset=\"https:\/\/exportxis.com\/wp-content\/uploads\/2023\/09\/palmiste-e1694118275356.jpeg 1024w, https:\/\/exportxis.com\/wp-content\/uploads\/2023\/09\/palmiste-e1694118275356-500x335.jpeg 500w, https:\/\/exportxis.com\/wp-content\/uploads\/2023\/09\/palmiste-e1694118275356-300x201.jpeg 300w, https:\/\/exportxis.com\/wp-content\/uploads\/2023\/09\/palmiste-e1694118275356-768x515.jpeg 768w, https:\/\/exportxis.com\/wp-content\/uploads\/2023\/09\/palmiste-e1694118275356-112x75.jpeg 112w, https:\/\/exportxis.com\/wp-content\/uploads\/2023\/09\/palmiste-e1694118275356-480x322.jpeg 480w\" sizes=\"(max-width:767px) 480px, (max-width:1024px) 100vw, 1024px\" \/>\t\t\t\t\t\t\t\t\t\t\t\t\t\t\t<\/div>\n\t\t\t\t<\/div>\n\t\t\t\t<div class=\"elementor-element elementor-element-a8ccaee elementor-widget elementor-widget-heading\" data-id=\"a8ccaee\" data-element_type=\"widget\" data-widget_type=\"heading.default\">\n\t\t\t\t<div class=\"elementor-widget-container\">\n\t\t\t<h2 class=\"elementor-heading-title elementor-size-default\">Palmiste<\/h2>\t\t<\/div>\n\t\t\t\t<\/div>\n\t\t\t\t\t<\/div>\n\t\t<\/div>\n\t\t\t\t\t\t\t<\/div>\n\t\t<\/section>\n\t\t\t\t\t<\/div>\n\t\t<\/div>\n\t\t\t\t<div class=\"elementor-column elementor-col-33 elementor-top-column elementor-element elementor-element-608b42b0\" data-id=\"608b42b0\" data-element_type=\"column\">\n\t\t\t<div class=\"elementor-widget-wrap elementor-element-populated\">\n\t\t\t\t\t\t\t\t<section class=\"elementor-section elementor-inner-section elementor-element elementor-element-b4991ee elementor-section-boxed elementor-section-height-default elementor-section-height-default\" data-id=\"b4991ee\" data-element_type=\"section\">\n\t\t\t\t\t\t<div class=\"elementor-container elementor-column-gap-default\">\n\t\t\t\t\t<div class=\"elementor-column elementor-col-100 elementor-inner-column elementor-element elementor-element-fa63ccb\" data-id=\"fa63ccb\" data-element_type=\"column\">\n\t\t\t<div class=\"elementor-widget-wrap elementor-element-populated\">\n\t\t\t\t\t\t\t\t<div class=\"elementor-element elementor-element-16ffe4b elementor-widget elementor-widget-image\" data-id=\"16ffe4b\" data-element_type=\"widget\" data-widget_type=\"image.default\">\n\t\t\t\t<div class=\"elementor-widget-container\">\n\t\t\t\t\t\t\t\t\t\t\t\t\t\t\t<img decoding=\"async\" loading=\"lazy\" width=\"840\" height=\"565\" src=\"https:\/\/exportxis.com\/wp-content\/uploads\/2023\/09\/Alimentando-peces-e1694118418617.jpg\" class=\"attachment-large size-large wp-image-981\" alt=\"\" srcset=\"https:\/\/exportxis.com\/wp-content\/uploads\/2023\/09\/Alimentando-peces-e1694118418617.jpg 840w, https:\/\/exportxis.com\/wp-content\/uploads\/2023\/09\/Alimentando-peces-e1694118418617-500x336.jpg 500w, https:\/\/exportxis.com\/wp-content\/uploads\/2023\/09\/Alimentando-peces-e1694118418617-300x202.jpg 300w, https:\/\/exportxis.com\/wp-content\/uploads\/2023\/09\/Alimentando-peces-e1694118418617-768x517.jpg 768w, https:\/\/exportxis.com\/wp-content\/uploads\/2023\/09\/Alimentando-peces-e1694118418617-112x75.jpg 112w, https:\/\/exportxis.com\/wp-content\/uploads\/2023\/09\/Alimentando-peces-e1694118418617-480x323.jpg 480w\" sizes=\"(max-width:767px) 480px, (max-width:840px) 100vw, 840px\" \/>\t\t\t\t\t\t\t\t\t\t\t\t\t\t\t<\/div>\n\t\t\t\t<\/div>\n\t\t\t\t<div class=\"elementor-element elementor-element-6665971 elementor-widget elementor-widget-heading\" data-id=\"6665971\" data-element_type=\"widget\" data-widget_type=\"heading.default\">\n\t\t\t\t<div class=\"elementor-widget-container\">\n\t\t\t<h2 class=\"elementor-heading-title elementor-size-default\">Comida para peces<\/h2>\t\t<\/div>\n\t\t\t\t<\/div>\n\t\t\t\t\t<\/div>\n\t\t<\/div>\n\t\t\t\t\t\t\t<\/div>\n\t\t<\/section>\n\t\t\t\t\t<\/div>\n\t\t<\/div>\n\t\t\t\t\t\t\t<\/div>\n\t\t<\/section>\n\t\t\t\t<section class=\"elementor-section elementor-top-section elementor-element elementor-element-c4a307b elementor-section-boxed elementor-section-height-default elementor-section-height-default\" data-id=\"c4a307b\" data-element_type=\"section\">\n\t\t\t\t\t\t<div class=\"elementor-container elementor-column-gap-default\">\n\t\t\t\t\t<div class=\"elementor-column elementor-col-33 elementor-top-column elementor-element elementor-element-8241ce9\" data-id=\"8241ce9\" data-element_type=\"column\">\n\t\t\t<div class=\"elementor-widget-wrap elementor-element-populated\">\n\t\t\t\t\t\t\t\t<section class=\"elementor-section elementor-inner-section elementor-element elementor-element-b37a58f elementor-section-boxed elementor-section-height-default elementor-section-height-default\" data-id=\"b37a58f\" data-element_type=\"section\">\n\t\t\t\t\t\t<div class=\"elementor-container elementor-column-gap-default\">\n\t\t\t\t\t<div class=\"elementor-column elementor-col-100 elementor-inner-column elementor-element elementor-element-648850f\" data-id=\"648850f\" data-element_type=\"column\">\n\t\t\t<div class=\"elementor-widget-wrap elementor-element-populated\">\n\t\t\t\t\t\t\t\t<div class=\"elementor-element elementor-element-24463de elementor-widget elementor-widget-image\" data-id=\"24463de\" data-element_type=\"widget\" data-widget_type=\"image.default\">\n\t\t\t\t<div class=\"elementor-widget-container\">\n\t\t\t\t\t\t\t\t\t\t\t\t\t\t\t<img decoding=\"async\" loading=\"lazy\" width=\"839\" height=\"564\" src=\"https:\/\/exportxis.com\/wp-content\/uploads\/2023\/09\/Sal-Mineral-e1694118597319.png\" class=\"attachment-full size-full wp-image-985\" alt=\"\" srcset=\"https:\/\/exportxis.com\/wp-content\/uploads\/2023\/09\/Sal-Mineral-e1694118597319.png 839w, https:\/\/exportxis.com\/wp-content\/uploads\/2023\/09\/Sal-Mineral-e1694118597319-500x336.png 500w, https:\/\/exportxis.com\/wp-content\/uploads\/2023\/09\/Sal-Mineral-e1694118597319-300x202.png 300w, https:\/\/exportxis.com\/wp-content\/uploads\/2023\/09\/Sal-Mineral-e1694118597319-768x516.png 768w, https:\/\/exportxis.com\/wp-content\/uploads\/2023\/09\/Sal-Mineral-e1694118597319-112x75.png 112w, https:\/\/exportxis.com\/wp-content\/uploads\/2023\/09\/Sal-Mineral-e1694118597319-480x323.png 480w\" sizes=\"(max-width:767px) 480px, (max-width:839px) 100vw, 839px\" \/>\t\t\t\t\t\t\t\t\t\t\t\t\t\t\t<\/div>\n\t\t\t\t<\/div>\n\t\t\t\t<div class=\"elementor-element elementor-element-e148514 elementor-widget elementor-widget-heading\" data-id=\"e148514\" data-element_type=\"widget\" data-widget_type=\"heading.default\">\n\t\t\t\t<div class=\"elementor-widget-container\">\n\t\t\t<h2 class=\"elementor-heading-title elementor-size-default\">Sal Mineral<\/h2>\t\t<\/div>\n\t\t\t\t<\/div>\n\t\t\t\t\t<\/div>\n\t\t<\/div>\n\t\t\t\t\t\t\t<\/div>\n\t\t<\/section>\n\t\t\t\t\t<\/div>\n\t\t<\/div>\n\t\t\t\t<div class=\"elementor-column elementor-col-33 elementor-top-column elementor-element elementor-element-5fe7996\" data-id=\"5fe7996\" data-element_type=\"column\">\n\t\t\t<div class=\"elementor-widget-wrap elementor-element-populated\">\n\t\t\t\t\t\t\t\t<section class=\"elementor-section elementor-inner-section elementor-element elementor-element-8d7be56 elementor-section-boxed elementor-section-height-default elementor-section-height-default\" data-id=\"8d7be56\" data-element_type=\"section\">\n\t\t\t\t\t\t<div class=\"elementor-container elementor-column-gap-default\">\n\t\t\t\t\t<div class=\"elementor-column elementor-col-100 elementor-inner-column elementor-element elementor-element-3c1926a\" data-id=\"3c1926a\" data-element_type=\"column\">\n\t\t\t<div class=\"elementor-widget-wrap elementor-element-populated\">\n\t\t\t\t\t\t\t\t<div class=\"elementor-element elementor-element-aa729e3 elementor-widget elementor-widget-image\" data-id=\"aa729e3\" data-element_type=\"widget\" data-widget_type=\"image.default\">\n\t\t\t\t<div class=\"elementor-widget-container\">\n\t\t\t\t\t\t\t\t\t\t\t\t\t\t\t<img decoding=\"async\" loading=\"lazy\" width=\"1348\" height=\"899\" src=\"https:\/\/exportxis.com\/wp-content\/uploads\/2023\/09\/azucar-e1694531831559.jpg\" class=\"attachment-full size-full wp-image-863\" alt=\"\" srcset=\"https:\/\/exportxis.com\/wp-content\/uploads\/2023\/09\/azucar-e1694531831559.jpg 1348w, https:\/\/exportxis.com\/wp-content\/uploads\/2023\/09\/azucar-e1694531831559-500x333.jpg 500w, https:\/\/exportxis.com\/wp-content\/uploads\/2023\/09\/azucar-e1694531831559-1200x800.jpg 1200w, https:\/\/exportxis.com\/wp-content\/uploads\/2023\/09\/azucar-e1694531831559-300x200.jpg 300w, https:\/\/exportxis.com\/wp-content\/uploads\/2023\/09\/azucar-e1694531831559-768x512.jpg 768w, https:\/\/exportxis.com\/wp-content\/uploads\/2023\/09\/azucar-e1694531831559-112x75.jpg 112w, https:\/\/exportxis.com\/wp-content\/uploads\/2023\/09\/azucar-e1694531831559-480x320.jpg 480w\" sizes=\"(max-width:767px) 480px, (max-width:1348px) 100vw, 1348px\" \/>\t\t\t\t\t\t\t\t\t\t\t\t\t\t\t<\/div>\n\t\t\t\t<\/div>\n\t\t\t\t<div class=\"elementor-element elementor-element-0bcd6b3 elementor-widget elementor-widget-heading\" data-id=\"0bcd6b3\" data-element_type=\"widget\" data-widget_type=\"heading.default\">\n\t\t\t\t<div class=\"elementor-widget-container\">\n\t\t\t<h2 class=\"elementor-heading-title elementor-size-default\">Azucar<\/h2>\t\t<\/div>\n\t\t\t\t<\/div>\n\t\t\t\t\t<\/div>\n\t\t<\/div>\n\t\t\t\t\t\t\t<\/div>\n\t\t<\/section>\n\t\t\t\t\t<\/div>\n\t\t<\/div>\n\t\t\t\t<div class=\"elementor-column elementor-col-33 elementor-top-column elementor-element elementor-element-b9fd525\" data-id=\"b9fd525\" data-element_type=\"column\">\n\t\t\t<div class=\"elementor-widget-wrap elementor-element-populated\">\n\t\t\t\t\t\t\t\t<section class=\"elementor-section elementor-inner-section elementor-element elementor-element-19d477d elementor-section-boxed elementor-section-height-default elementor-section-height-default\" data-id=\"19d477d\" data-element_type=\"section\">\n\t\t\t\t\t\t<div class=\"elementor-container elementor-column-gap-default\">\n\t\t\t\t\t<div class=\"elementor-column elementor-col-100 elementor-inner-column elementor-element elementor-element-c08c8f7\" data-id=\"c08c8f7\" data-element_type=\"column\">\n\t\t\t<div class=\"elementor-widget-wrap elementor-element-populated\">\n\t\t\t\t\t\t\t\t<div class=\"elementor-element elementor-element-3edd3dc elementor-widget elementor-widget-image\" data-id=\"3edd3dc\" data-element_type=\"widget\" data-widget_type=\"image.default\">\n\t\t\t\t<div class=\"elementor-widget-container\">\n\t\t\t\t\t\t\t\t\t\t\t\t\t\t\t<img decoding=\"async\" loading=\"lazy\" width=\"940\" height=\"628\" src=\"https:\/\/exportxis.com\/wp-content\/uploads\/2023\/09\/cafe.jpg\" class=\"attachment-full size-full wp-image-1106\" alt=\"\" srcset=\"https:\/\/exportxis.com\/wp-content\/uploads\/2023\/09\/cafe.jpg 940w, https:\/\/exportxis.com\/wp-content\/uploads\/2023\/09\/cafe-500x334.jpg 500w, https:\/\/exportxis.com\/wp-content\/uploads\/2023\/09\/cafe-300x200.jpg 300w, https:\/\/exportxis.com\/wp-content\/uploads\/2023\/09\/cafe-768x513.jpg 768w, https:\/\/exportxis.com\/wp-content\/uploads\/2023\/09\/cafe-112x75.jpg 112w, https:\/\/exportxis.com\/wp-content\/uploads\/2023\/09\/cafe-480x321.jpg 480w\" sizes=\"(max-width:767px) 480px, (max-width:940px) 100vw, 940px\" \/>\t\t\t\t\t\t\t\t\t\t\t\t\t\t\t<\/div>\n\t\t\t\t<\/div>\n\t\t\t\t<div class=\"elementor-element elementor-element-4ba6cd6 elementor-widget elementor-widget-heading\" data-id=\"4ba6cd6\" data-element_type=\"widget\" data-widget_type=\"heading.default\">\n\t\t\t\t<div class=\"elementor-widget-container\">\n\t\t\t<h2 class=\"elementor-heading-title elementor-size-default\">Caf\u00e9<\/h2>\t\t<\/div>\n\t\t\t\t<\/div>\n\t\t\t\t\t<\/div>\n\t\t<\/div>\n\t\t\t\t\t\t\t<\/div>\n\t\t<\/section>\n\t\t\t\t\t<\/div>\n\t\t<\/div>\n\t\t\t\t\t\t\t<\/div>\n\t\t<\/section>\n\t\t\t\t\t\t\t<\/div>\n\t\t","protected":false},"excerpt":{"rendered":"<p>Productos Agr\u00edcolas Abono Org\u00e1nico Palmiste Comida para peces Sal Mineral Azucar Caf\u00e9<\/p>\n","protected":false},"author":1,"featured_media":0,"parent":6,"menu_order":0,"comment_status":"closed","ping_status":"closed","template":"","meta":{"om_disable_all_campaigns":false,"_monsterinsights_skip_tracking":false,"_monsterinsights_sitenote_active":false,"_monsterinsights_sitenote_note":"","_monsterinsights_sitenote_category":0,"footnotes":""},"aioseo_notices":[],"_links":{"self":[{"href":"https:\/\/exportxis.com\/es_es\/wp-json\/wp\/v2\/pages\/972"}],"collection":[{"href":"https:\/\/exportxis.com\/es_es\/wp-json\/wp\/v2\/pages"}],"about":[{"href":"https:\/\/exportxis.com\/es_es\/wp-json\/wp\/v2\/types\/page"}],"author":[{"embeddable":true,"href":"https:\/\/exportxis.com\/es_es\/wp-json\/wp\/v2\/users\/1"}],"replies":[{"embeddable":true,"href":"https:\/\/exportxis.com\/es_es\/wp-json\/wp\/v2\/comments?post=972"}],"version-history":[{"count":18,"href":"https:\/\/exportxis.com\/es_es\/wp-json\/wp\/v2\/pages\/972\/revisions"}],"predecessor-version":[{"id":1109,"href":"https:\/\/exportxis.com\/es_es\/wp-json\/wp\/v2\/pages\/972\/revisions\/1109"}],"up":[{"embeddable":true,"href":"https:\/\/exportxis.com\/es_es\/wp-json\/wp\/v2\/pages\/6"}],"wp:attachment":[{"href":"https:\/\/exportxis.com\/es_es\/wp-json\/wp\/v2\/media?parent=972"}],"curies":[{"name":"wp","href":"https:\/\/api.w.org\/{rel}","templated":true}]}}